{"id":17,"date":"2025-10-13T07:12:07","date_gmt":"2025-10-13T07:12:07","guid":{"rendered":"https:\/\/pontiasports.es\/?page_id=17"},"modified":"2025-11-26T09:03:56","modified_gmt":"2025-11-26T09:03:56","slug":"sobre-nosotros","status":"publish","type":"page","link":"https:\/\/pontiasports.es\/en\/sobre-nosotros\/","title":{"rendered":"ABOUT US"},"content":{"rendered":"<div class=\"wp-block-columns is-layout-flex wp-container-core-columns-is-layout-8f761849 wp-block-columns-is-layout-flex\">\n<div class=\"wp-block-column is-layout-flow wp-block-column-is-layout-flow\" style=\"flex-basis:50%\">\n<figure class=\"wp-block-image size-large is-resized\"><img loading=\"lazy\" decoding=\"async\" width=\"1024\" height=\"489\" src=\"https:\/\/pontiasports.es\/wp-content\/uploads\/2025\/10\/cropped-PONTIA-SPORTS_negro-1024x489.png\" alt=\"\" class=\"wp-image-43\" style=\"width:329px;height:auto\" srcset=\"https:\/\/pontiasports.es\/wp-content\/uploads\/2025\/10\/cropped-PONTIA-SPORTS_negro-1024x489.png 1024w, https:\/\/pontiasports.es\/wp-content\/uploads\/2025\/10\/cropped-PONTIA-SPORTS_negro-300x143.png 300w, https:\/\/pontiasports.es\/wp-content\/uploads\/2025\/10\/cropped-PONTIA-SPORTS_negro-768x366.png 768w, https:\/\/pontiasports.es\/wp-content\/uploads\/2025\/10\/cropped-PONTIA-SPORTS_negro-1536x733.png 1536w, https:\/\/pontiasports.es\/wp-content\/uploads\/2025\/10\/cropped-PONTIA-SPORTS_negro-2048x977.png 2048w\" sizes=\"auto, (max-width: 1024px) 100vw, 1024px\" \/><\/figure>\n<\/div>\n\n\n\n<div class=\"wp-block-column is-layout-flow wp-block-column-is-layout-flow\" style=\"flex-basis:50%\">\n<p class=\"wp-block-paragraph translation-block\">Based in Valencia,<strong>Pontia Sports &amp; Entertainment <\/strong>specializes in athlete representation with a personalized approach. We empower our athletes by enhancing their greatest strengths to achieve peak performance.<\/p>\n\n\n\n<blockquote class=\"wp-block-quote is-style-plain is-layout-flow wp-block-quote-is-layout-flow\">\n<p class=\"wp-block-paragraph\">Driven by passion and expertise, we turn every personal sports marketing project into reality.<\/p>\n<\/blockquote>\n<\/div>\n<\/div>\n\n\n\n<p class=\"wp-block-paragraph\">Our focus is centered on the success of every athlete we represent, providing a <strong>Personalized and strategic service<\/strong> to drive their athletic career to success.<\/p>\n\n\n\n<p class=\"wp-block-paragraph\">We offer talent scouting, sports marketing, and entertainment services, with the goal of increasing the athlete's brand visibility. Naturally, we facilitate connections with potential sponsors.<\/p>\n\n\n<p class=\"font_8 wixui-rich-text__text\"><span class=\"wixui-rich-text__text\"><span class=\"wixGuard wixui-rich-text__text\">\u200b<\/span><\/span><span class=\"wixui-rich-text__text\">Would you like to find out more information about us?\u00a0<\/span><\/p>\n<\/p>\n\n\n<div class=\"wp-block-buttons is-layout-flex wp-block-buttons-is-layout-flex\">\n<div class=\"wp-block-button\"><a class=\"wp-block-button__link wp-element-button\" href=\"https:\/\/pontiasports.es\/en\/?page_id=21\">TEAM<\/a><\/div>\n\n\n\n<div class=\"wp-block-button\"><a class=\"wp-block-button__link wp-element-button\" href=\"https:\/\/pontiasports.es\/en\/?page_id=30\">SERVICES<\/a><\/div>\n<\/div>\n\n\n\n<p class=\"wp-block-paragraph\"><\/p>","protected":false},"excerpt":{"rendered":"<p>Pontia Sports &amp; Entertainment es una empresa valenciana de representaci\u00f3n de deportistas que acompa\u00f1a a cada uno de manera personalizada, pontenciando lo mejor de s\u00ed mismos, para lograr el m\u00e1ximo nivel.\u00a0 Con pasi\u00f3n, entusiasmo y experiencia, hacemos realidad cada proyecto personal de marketing deportivo. Nuestro enfoque se centra en el \u00e9xito de cada uno de [&hellip;]<\/p>\n","protected":false},"author":1,"featured_media":9,"parent":0,"menu_order":0,"comment_status":"closed","ping_status":"closed","template":"templates\/template-page-full-width.php","meta":{"_crdt_document":"","footnotes":""},"class_list":["post-17","page","type-page","status-publish","has-post-thumbnail","hentry"],"yoast_head":"<!-- This site is optimized with the Yoast SEO plugin v27.5 - https:\/\/yoast.com\/product\/yoast-seo-wordpress\/ -->\n<title>SOBRE NOSOTROS - Pontia Sports &amp; Entertainment<\/title>\n<meta name=\"robots\" content=\"index, follow, max-snippet:-1, max-image-preview:large, max-video-preview:-1\" \/>\n<link rel=\"canonical\" href=\"https:\/\/pontiasports.es\/en\/sobre-nosotros\/\" \/>\n<meta property=\"og:locale\" content=\"en_GB\" \/>\n<meta property=\"og:type\" content=\"article\" \/>\n<meta property=\"og:title\" content=\"SOBRE NOSOTROS - Pontia Sports &amp; Entertainment\" \/>\n<meta property=\"og:description\" content=\"Pontia Sports &amp; Entertainment es una empresa valenciana de representaci\u00f3n de deportistas que acompa\u00f1a a cada uno de manera personalizada, pontenciando lo mejor de s\u00ed mismos, para lograr el m\u00e1ximo nivel.\u00a0 Con pasi\u00f3n, entusiasmo y experiencia, hacemos realidad cada proyecto personal de marketing deportivo. Nuestro enfoque se centra en el \u00e9xito de cada uno de [&hellip;]\" \/>\n<meta property=\"og:url\" content=\"https:\/\/pontiasports.es\/en\/sobre-nosotros\/\" \/>\n<meta property=\"og:site_name\" content=\"Pontia Sports &amp; Entertainment\" \/>\n<meta property=\"article:publisher\" content=\"https:\/\/www.facebook.com\/PontiaSports\" \/>\n<meta property=\"article:modified_time\" content=\"2025-11-26T09:03:56+00:00\" \/>\n<meta property=\"og:image\" content=\"https:\/\/pontiasports.es\/wp-content\/uploads\/2025\/10\/slider-3.jpg\" \/>\n\t<meta property=\"og:image:width\" content=\"1600\" \/>\n\t<meta property=\"og:image:height\" content=\"600\" \/>\n\t<meta property=\"og:image:type\" content=\"image\/jpeg\" \/>\n<meta name=\"twitter:card\" content=\"summary_large_image\" \/>\n<meta name=\"twitter:label1\" content=\"Estimated reading time\" \/>\n\t<meta name=\"twitter:data1\" content=\"1 minute\" \/>\n<script type=\"application\/ld+json\" class=\"yoast-schema-graph\">{\"@context\":\"https:\\\/\\\/schema.org\",\"@graph\":[{\"@type\":\"WebPage\",\"@id\":\"https:\\\/\\\/pontiasports.es\\\/sobre-nosotros\\\/\",\"url\":\"https:\\\/\\\/pontiasports.es\\\/sobre-nosotros\\\/\",\"name\":\"SOBRE NOSOTROS - Pontia Sports &amp; Entertainment\",\"isPartOf\":{\"@id\":\"https:\\\/\\\/pontiasports.es\\\/#website\"},\"primaryImageOfPage\":{\"@id\":\"https:\\\/\\\/pontiasports.es\\\/sobre-nosotros\\\/#primaryimage\"},\"image\":{\"@id\":\"https:\\\/\\\/pontiasports.es\\\/sobre-nosotros\\\/#primaryimage\"},\"thumbnailUrl\":\"https:\\\/\\\/pontiasports.es\\\/wp-content\\\/uploads\\\/2025\\\/10\\\/slider-3.jpg\",\"datePublished\":\"2025-10-13T07:12:07+00:00\",\"dateModified\":\"2025-11-26T09:03:56+00:00\",\"breadcrumb\":{\"@id\":\"https:\\\/\\\/pontiasports.es\\\/sobre-nosotros\\\/#breadcrumb\"},\"inLanguage\":\"en-GB\",\"potentialAction\":[{\"@type\":\"ReadAction\",\"target\":[\"https:\\\/\\\/pontiasports.es\\\/sobre-nosotros\\\/\"]}]},{\"@type\":\"ImageObject\",\"inLanguage\":\"en-GB\",\"@id\":\"https:\\\/\\\/pontiasports.es\\\/sobre-nosotros\\\/#primaryimage\",\"url\":\"https:\\\/\\\/pontiasports.es\\\/wp-content\\\/uploads\\\/2025\\\/10\\\/slider-3.jpg\",\"contentUrl\":\"https:\\\/\\\/pontiasports.es\\\/wp-content\\\/uploads\\\/2025\\\/10\\\/slider-3.jpg\",\"width\":1600,\"height\":600,\"caption\":\"specia caption\"},{\"@type\":\"BreadcrumbList\",\"@id\":\"https:\\\/\\\/pontiasports.es\\\/sobre-nosotros\\\/#breadcrumb\",\"itemListElement\":[{\"@type\":\"ListItem\",\"position\":1,\"name\":\"Portada\",\"item\":\"https:\\\/\\\/pontiasports.es\\\/\"},{\"@type\":\"ListItem\",\"position\":2,\"name\":\"SOBRE NOSOTROS\"}]},{\"@type\":\"WebSite\",\"@id\":\"https:\\\/\\\/pontiasports.es\\\/#website\",\"url\":\"https:\\\/\\\/pontiasports.es\\\/\",\"name\":\"Pontia Sports & Entertainment\",\"description\":\"\",\"publisher\":{\"@id\":\"https:\\\/\\\/pontiasports.es\\\/#organization\"},\"alternateName\":\"Representaci\u00f3n de deportistas\",\"potentialAction\":[{\"@type\":\"SearchAction\",\"target\":{\"@type\":\"EntryPoint\",\"urlTemplate\":\"https:\\\/\\\/pontiasports.es\\\/?s={search_term_string}\"},\"query-input\":{\"@type\":\"PropertyValueSpecification\",\"valueRequired\":true,\"valueName\":\"search_term_string\"}}],\"inLanguage\":\"en-GB\"},{\"@type\":\"Organization\",\"@id\":\"https:\\\/\\\/pontiasports.es\\\/#organization\",\"name\":\"Pontia Sports & Entertainment\",\"url\":\"https:\\\/\\\/pontiasports.es\\\/\",\"logo\":{\"@type\":\"ImageObject\",\"inLanguage\":\"en-GB\",\"@id\":\"https:\\\/\\\/pontiasports.es\\\/#\\\/schema\\\/logo\\\/image\\\/\",\"url\":\"https:\\\/\\\/pontiasports.es\\\/wp-content\\\/uploads\\\/2025\\\/10\\\/PONTIA-SPORTS_negro.png\",\"contentUrl\":\"https:\\\/\\\/pontiasports.es\\\/wp-content\\\/uploads\\\/2025\\\/10\\\/PONTIA-SPORTS_negro.png\",\"width\":2324,\"height\":1075,\"caption\":\"Pontia Sports & Entertainment\"},\"image\":{\"@id\":\"https:\\\/\\\/pontiasports.es\\\/#\\\/schema\\\/logo\\\/image\\\/\"},\"sameAs\":[\"https:\\\/\\\/www.facebook.com\\\/PontiaSports\",\"https:\\\/\\\/www.instagram.com\\\/pontiasports\\\/\",\"https:\\\/\\\/www.linkedin.com\\\/company\\\/pontiasports\\\/?viewAsMember=true\"]}]}<\/script>\n<!-- \/ Yoast SEO plugin. -->","yoast_head_json":{"title":"SOBRE NOSOTROS - Pontia Sports &amp; Entertainment","robots":{"index":"index","follow":"follow","max-snippet":"max-snippet:-1","max-image-preview":"max-image-preview:large","max-video-preview":"max-video-preview:-1"},"canonical":"https:\/\/pontiasports.es\/en\/sobre-nosotros\/","og_locale":"en_GB","og_type":"article","og_title":"SOBRE NOSOTROS - Pontia Sports &amp; Entertainment","og_description":"Pontia Sports &amp; Entertainment es una empresa valenciana de representaci\u00f3n de deportistas que acompa\u00f1a a cada uno de manera personalizada, pontenciando lo mejor de s\u00ed mismos, para lograr el m\u00e1ximo nivel.\u00a0 Con pasi\u00f3n, entusiasmo y experiencia, hacemos realidad cada proyecto personal de marketing deportivo. Nuestro enfoque se centra en el \u00e9xito de cada uno de [&hellip;]","og_url":"https:\/\/pontiasports.es\/en\/sobre-nosotros\/","og_site_name":"Pontia Sports &amp; Entertainment","article_publisher":"https:\/\/www.facebook.com\/PontiaSports","article_modified_time":"2025-11-26T09:03:56+00:00","og_image":[{"width":1600,"height":600,"url":"https:\/\/pontiasports.es\/wp-content\/uploads\/2025\/10\/slider-3.jpg","type":"image\/jpeg"}],"twitter_card":"summary_large_image","twitter_misc":{"Estimated reading time":"1 minute"},"schema":{"@context":"https:\/\/schema.org","@graph":[{"@type":"WebPage","@id":"https:\/\/pontiasports.es\/sobre-nosotros\/","url":"https:\/\/pontiasports.es\/sobre-nosotros\/","name":"SOBRE NOSOTROS - Pontia Sports &amp; Entertainment","isPartOf":{"@id":"https:\/\/pontiasports.es\/#website"},"primaryImageOfPage":{"@id":"https:\/\/pontiasports.es\/sobre-nosotros\/#primaryimage"},"image":{"@id":"https:\/\/pontiasports.es\/sobre-nosotros\/#primaryimage"},"thumbnailUrl":"https:\/\/pontiasports.es\/wp-content\/uploads\/2025\/10\/slider-3.jpg","datePublished":"2025-10-13T07:12:07+00:00","dateModified":"2025-11-26T09:03:56+00:00","breadcrumb":{"@id":"https:\/\/pontiasports.es\/sobre-nosotros\/#breadcrumb"},"inLanguage":"en-GB","potentialAction":[{"@type":"ReadAction","target":["https:\/\/pontiasports.es\/sobre-nosotros\/"]}]},{"@type":"ImageObject","inLanguage":"en-GB","@id":"https:\/\/pontiasports.es\/sobre-nosotros\/#primaryimage","url":"https:\/\/pontiasports.es\/wp-content\/uploads\/2025\/10\/slider-3.jpg","contentUrl":"https:\/\/pontiasports.es\/wp-content\/uploads\/2025\/10\/slider-3.jpg","width":1600,"height":600,"caption":"specia caption"},{"@type":"BreadcrumbList","@id":"https:\/\/pontiasports.es\/sobre-nosotros\/#breadcrumb","itemListElement":[{"@type":"ListItem","position":1,"name":"Portada","item":"https:\/\/pontiasports.es\/"},{"@type":"ListItem","position":2,"name":"SOBRE NOSOTROS"}]},{"@type":"WebSite","@id":"https:\/\/pontiasports.es\/#website","url":"https:\/\/pontiasports.es\/","name":"Pontia Sports & Entertainment","description":"","publisher":{"@id":"https:\/\/pontiasports.es\/#organization"},"alternateName":"Representaci\u00f3n de deportistas","potentialAction":[{"@type":"SearchAction","target":{"@type":"EntryPoint","urlTemplate":"https:\/\/pontiasports.es\/?s={search_term_string}"},"query-input":{"@type":"PropertyValueSpecification","valueRequired":true,"valueName":"search_term_string"}}],"inLanguage":"en-GB"},{"@type":"Organization","@id":"https:\/\/pontiasports.es\/#organization","name":"Pontia Sports & Entertainment","url":"https:\/\/pontiasports.es\/","logo":{"@type":"ImageObject","inLanguage":"en-GB","@id":"https:\/\/pontiasports.es\/#\/schema\/logo\/image\/","url":"https:\/\/pontiasports.es\/wp-content\/uploads\/2025\/10\/PONTIA-SPORTS_negro.png","contentUrl":"https:\/\/pontiasports.es\/wp-content\/uploads\/2025\/10\/PONTIA-SPORTS_negro.png","width":2324,"height":1075,"caption":"Pontia Sports & Entertainment"},"image":{"@id":"https:\/\/pontiasports.es\/#\/schema\/logo\/image\/"},"sameAs":["https:\/\/www.facebook.com\/PontiaSports","https:\/\/www.instagram.com\/pontiasports\/","https:\/\/www.linkedin.com\/company\/pontiasports\/?viewAsMember=true"]}]}},"_links":{"self":[{"href":"https:\/\/pontiasports.es\/en\/wp-json\/wp\/v2\/pages\/17","targetHints":{"allow":["GET"]}}],"collection":[{"href":"https:\/\/pontiasports.es\/en\/wp-json\/wp\/v2\/pages"}],"about":[{"href":"https:\/\/pontiasports.es\/en\/wp-json\/wp\/v2\/types\/page"}],"author":[{"embeddable":true,"href":"https:\/\/pontiasports.es\/en\/wp-json\/wp\/v2\/users\/1"}],"replies":[{"embeddable":true,"href":"https:\/\/pontiasports.es\/en\/wp-json\/wp\/v2\/comments?post=17"}],"version-history":[{"count":11,"href":"https:\/\/pontiasports.es\/en\/wp-json\/wp\/v2\/pages\/17\/revisions"}],"predecessor-version":[{"id":344,"href":"https:\/\/pontiasports.es\/en\/wp-json\/wp\/v2\/pages\/17\/revisions\/344"}],"wp:featuredmedia":[{"embeddable":true,"href":"https:\/\/pontiasports.es\/en\/wp-json\/wp\/v2\/media\/9"}],"wp:attachment":[{"href":"https:\/\/pontiasports.es\/en\/wp-json\/wp\/v2\/media?parent=17"}],"curies":[{"name":"wp","href":"https:\/\/api.w.org\/{rel}","templated":true}]}}