{"id":19,"date":"2025-10-13T07:12:07","date_gmt":"2025-10-13T07:12:07","guid":{"rendered":"https:\/\/pontiasports.es\/?page_id=19"},"modified":"2025-10-16T11:11:50","modified_gmt":"2025-10-16T11:11:50","slug":"cookies","status":"publish","type":"page","link":"https:\/\/pontiasports.es\/en\/cookies\/","title":{"rendered":"Cookies"},"content":{"rendered":"<div class=\"elementor elementor-676\" data-elementor-type=\"wp-page\" data-elementor-id=\"676\" data-elementor-post-type=\"page\">\n<div class=\"elementor-element elementor-element-4a16a03a e-flex e-con-boxed e-con e-parent e-lazyloaded\" data-id=\"4a16a03a\" data-element_type=\"container\">\n<div class=\"e-con-inner\">\n<div class=\"elementor-element elementor-element-fce6eea elementor-widget elementor-widget-text-editor\" data-id=\"fce6eea\" data-element_type=\"widget\" data-widget_type=\"text-editor.default\">\n<div class=\"elementor-widget-container\">\n<h2>Uso de cookies<\/h2>\n<p>La p\u00e1gina web de actalent.com utiliza cookies y\/u otros archivos de funcionalidad similar (en adelante, las \u201cCookies\u201d) para mejorar tu accesibilidad, personalizar y analizar tu navegaci\u00f3n, y mostrarte publicidad, incluidos anuncios basados en tus intereses. Esta pol\u00edtica puede ser actualizada, por lo que te invitamos a revisarla de forma regular.<\/p>\n<h2>\u00bfQu\u00e9 son las cookies?<\/h2>\n<p>Son peque\u00f1os ficheros de datos que el servidor de Internet env\u00eda al dispositivo con el que te conectas a nuestras webs y que \u00e9ste archiva. Se asocian \u00fanicamente a tu navegador y no proporcionan por s\u00ed mismas datos personales. Las cookies no pueden da\u00f1ar tu dispositivo y adem\u00e1s son muy \u00fatiles, ya que nos ayudan a identificar y resolver errores.<\/p>\n<p>Al navegar por este sitio web se utilizan cookies de sesi\u00f3n y cookies persistentes que, a su vez, pueden ser Cookies propias y\/o de terceros.<\/p>\n<p>Las cookies de sesi\u00f3n son cookies dise\u00f1adas para recabar y almacenar datos mientras el usuario accede a una p\u00e1gina web. Se suelen emplear para almacenar informaci\u00f3n que solo interesa conservar para la prestaci\u00f3n del servicio solicitado por el usuario en una sola ocasi\u00f3n. Es decir, son temporales y desaparecen cuando finaliza la sesi\u00f3n.<\/p>\n<p>Las cookies persistentes son un tipo de cookies en el que los datos siguen almacenados en el terminal y a los que se puede acceder y tratar durante un periodo definido por el responsable de la cookie, y que puede ir de unos minutos a varios a\u00f1os.<\/p>\n<p>Las cookies propias son las creadas o gestionadas por el responsable de la p\u00e1gina web (PONTIA SPORTS).<\/p>\n<p>Las cookies de terceros son las administradas por prestadores de servicios t\u00e9cnicos, de an\u00e1lisis, redes sociales, de personalizaci\u00f3n y de publicidad (incluida publicidad comportamental) ajenos a PONTIA SPORTS.<\/p>\n<h2><\/h2>\n<h2>\u00bfQu\u00e9 tipo de cookies utilizamos?<\/h2>\n<p>Las cookies que se utilizan en esta web son:<\/p>\n<table width=\"1001\">\n<tbody>\n<tr>\n<td width=\"136\"><strong>Tipolog\u00eda de la cookie<\/strong><\/td>\n<td width=\"163\"><strong>Nombre de la cookie<\/strong><\/td>\n<td width=\"334\"><strong>Finalidad<\/strong><\/td>\n<td width=\"210\"><strong>Tiempo de conservaci\u00f3n<\/strong><\/td>\n<td width=\"158\"><strong>Proveedor<\/strong><\/td>\n<\/tr>\n<tr>\n<td>Estad\u00edstica<\/td>\n<td width=\"163\">_gid<\/td>\n<td width=\"334\">Almacena y cuenta las p\u00e1ginas visitadas.<\/td>\n<td width=\"210\">Un d\u00eda<\/td>\n<td width=\"158\"><a href=\"https:\/\/policies.google.com\/privacy\">Google Analytics<\/a><\/td>\n<\/tr>\n<tr>\n<td>Estad\u00edstica<\/td>\n<td width=\"163\">_ga<\/td>\n<td width=\"334\">Almacena y cuenta las p\u00e1ginas visitadas.<\/td>\n<td width=\"210\">Dos a\u00f1os<\/td>\n<td width=\"158\"><a href=\"https:\/\/policies.google.com\/privacy\">Google Analytics<\/a><\/td>\n<\/tr>\n<tr>\n<td width=\"136\">T\u00e9cnica<\/td>\n<td width=\"163\">PHPSESSID<\/td>\n<td width=\"334\">Proporciona funciones a trav\u00e9s de les p\u00e1ginas.<\/td>\n<td width=\"210\">Duraci\u00f3n de la sesi\u00f3n<\/td>\n<td width=\"158\">Cookie propia<\/td>\n<\/tr>\n<tr>\n<td width=\"136\">T\u00e9cnica<\/td>\n<td width=\"163\">wp_lang<\/td>\n<td width=\"334\">Almacena configuraci\u00f3n de idioma.<\/td>\n<td width=\"210\">Duraci\u00f3n de la sesi\u00f3n<\/td>\n<td width=\"158\">Cookie propia<\/td>\n<\/tr>\n<tr>\n<td width=\"136\">T\u00e9cnica<\/td>\n<td width=\"163\">cookies_consent<\/td>\n<td width=\"334\">Determinar la aceptaci\u00f3 de la pol\u00edtica de cookies.<\/td>\n<td width=\"210\">6 meses<\/td>\n<td width=\"158\">Cookie propia<\/td>\n<\/tr>\n<\/tbody>\n<\/table>\n<\/div>\n<\/div>\n<h2><\/h2>\n<div class=\"elementor-element elementor-element-fce6eea elementor-widget elementor-widget-text-editor\" data-id=\"fce6eea\" data-element_type=\"widget\" data-widget_type=\"text-editor.default\">\n<div class=\"elementor-widget-container\">\n<h2>\u00bfC\u00f3mo puedo obtener m\u00e1s informaci\u00f3n acerca de las cookies, administrarlas y\/o eliminarlas?<\/h2>\n<p>Las cookies pueden ser borradas, aceptadas o bloqueadas, seg\u00fan desee, para esto s\u00f3lo debe configurar convenientemente el navegador web.<\/p>\n<p>En cualquier momento, puede impedir la instalaci\u00f3n de cookies (bloqueo) en su equipo mediante la opci\u00f3n correspondiente de su navegador, pero en dicho caso no podremos asegurarle el correcto funcionamiento de las distintas funcionalidades de nuestra p\u00e1gina web.<\/p>\n<p>A continuaci\u00f3n, le facilitamos los enlaces para la gesti\u00f3n y bloqueo de cookies dependiendo del navegador que utilice:<\/p>\n<ul>\n<li><strong>Internet Explorer:<\/strong>\u00a0<a href=\"http:\/\/windows.microsoft.com\/es-xl\/internet-explorer\/delete-manage-cookies#ie=ie-10\" target=\"_blank\" rel=\"noopener noreferrer\">http:\/\/windows.microsoft.com\/es-xl\/internet-explorer\/delete-manage-cookies#ie=ie-10<\/a><\/li>\n<li><strong>Edge:<\/strong>\u00a0<a href=\"https:\/\/support.microsoft.com\/es-es\/help\/10607\/microsoft-edge-view-delete-browser-history\" target=\"_blank\" rel=\"noopener noreferrer\">https:\/\/support.microsoft.com\/es-es\/help\/10607\/microsoft-edge-view-delete-browser-history<\/a><\/li>\n<li><strong>FireFox:<\/strong>\u00a0<a href=\"http:\/\/support.mozilla.org\/es\/kb\/habilitar-y-deshabilitar-cookies-que-los-sitios-we\" target=\"_blank\" rel=\"noopener noreferrer\">http:\/\/support.mozilla.org\/es\/kb\/habilitar-y-deshabilitar-cookies-que-los-sitios-we<\/a><\/li>\n<li><strong>Chrome:<\/strong>\u00a0<a href=\"https:\/\/support.google.com\/chrome\/answer\/95647?hl=es\" target=\"_blank\" rel=\"noopener noreferrer\">https:\/\/support.google.com\/chrome\/answer\/95647?hl=es<\/a><\/li>\n<li><strong>Safari:<\/strong>\u00a0<a href=\"https:\/\/www.apple.com\/legal\/privacy\/es\/cookies\/\" target=\"_blank\" rel=\"noopener noreferrer\">https:\/\/www.apple.com\/legal\/privacy\/es\/cookies\/<\/a><\/li>\n<\/ul>\n<p>Tambi\u00e9n puede borrar las cookies que tenga guardadas en su navegador acudiendo a las opciones de configuraci\u00f3n del mismo.<\/p>\n<\/div>\n<\/div>\n<\/div>\n<\/div>\n<\/div>\n<div class=\"elementor elementor-1701 elementor-location-footer\" data-elementor-type=\"footer\" data-elementor-id=\"1701\" data-elementor-post-type=\"elementor_library\">\n<div id=\"contact\" class=\"elementor-element elementor-element-7be2c64 e-flex e-con-boxed e-con e-parent e-lazyloaded\" data-id=\"7be2c64\" data-element_type=\"container\" data-settings=\"{&quot;background_background&quot;:&quot;classic&quot;}\">\n<div class=\"e-con-inner\">\n<div class=\"elementor-element elementor-element-5720c70 elementor-widget elementor-widget-heading\" data-id=\"5720c70\" data-element_type=\"widget\" data-widget_type=\"heading.default\">\n<div class=\"elementor-widget-container\"><\/div>\n<\/div>\n<\/div>\n<\/div>\n<\/div>","protected":false},"excerpt":{"rendered":"<p>Uso de cookies La p\u00e1gina web de actalent.com utiliza cookies y\/u otros archivos de funcionalidad similar (en adelante, las \u201cCookies\u201d) para mejorar tu accesibilidad, personalizar y analizar tu navegaci\u00f3n, y mostrarte publicidad, incluidos anuncios basados en tus intereses. Esta pol\u00edtica puede ser actualizada, por lo que te invitamos a revisarla de forma regular. \u00bfQu\u00e9 son [&hellip;]<\/p>\n","protected":false},"author":1,"featured_media":0,"parent":0,"menu_order":0,"comment_status":"closed","ping_status":"closed","template":"templates\/template-page-full-width.php","meta":{"_crdt_document":"","footnotes":""},"class_list":["post-19","page","type-page","status-publish","hentry"],"yoast_head":"<!-- This site is optimized with the Yoast SEO plugin v27.5 - https:\/\/yoast.com\/product\/yoast-seo-wordpress\/ -->\n<title>Pol\u00edtica de cookies - Pontia Sports &amp; Entertainment<\/title>\n<meta name=\"robots\" content=\"index, follow, max-snippet:-1, max-image-preview:large, max-video-preview:-1\" \/>\n<link rel=\"canonical\" href=\"https:\/\/pontiasports.es\/en\/cookies\/\" \/>\n<meta property=\"og:locale\" content=\"en_GB\" \/>\n<meta property=\"og:type\" content=\"article\" \/>\n<meta property=\"og:title\" content=\"Pol\u00edtica de cookies - Pontia Sports &amp; Entertainment\" \/>\n<meta property=\"og:description\" content=\"Uso de cookies La p\u00e1gina web de actalent.com utiliza cookies y\/u otros archivos de funcionalidad similar (en adelante, las \u201cCookies\u201d) para mejorar tu accesibilidad, personalizar y analizar tu navegaci\u00f3n, y mostrarte publicidad, incluidos anuncios basados en tus intereses. Esta pol\u00edtica puede ser actualizada, por lo que te invitamos a revisarla de forma regular. \u00bfQu\u00e9 son [&hellip;]\" \/>\n<meta property=\"og:url\" content=\"https:\/\/pontiasports.es\/en\/cookies\/\" \/>\n<meta property=\"og:site_name\" content=\"Pontia Sports &amp; Entertainment\" \/>\n<meta property=\"article:publisher\" content=\"https:\/\/www.facebook.com\/PontiaSports\" \/>\n<meta property=\"article:modified_time\" content=\"2025-10-16T11:11:50+00:00\" \/>\n<meta property=\"og:image\" content=\"https:\/\/pontiasports.es\/wp-content\/uploads\/2025\/10\/cropped-PONTIA-SPORTS_negro.png\" \/>\n\t<meta property=\"og:image:width\" content=\"2253\" \/>\n\t<meta property=\"og:image:height\" content=\"1075\" \/>\n\t<meta property=\"og:image:type\" content=\"image\/png\" \/>\n<meta name=\"twitter:card\" content=\"summary_large_image\" \/>\n<meta name=\"twitter:label1\" content=\"Estimated reading time\" \/>\n\t<meta name=\"twitter:data1\" content=\"3 minutes\" \/>\n<script type=\"application\/ld+json\" class=\"yoast-schema-graph\">{\"@context\":\"https:\\\/\\\/schema.org\",\"@graph\":[{\"@type\":\"WebPage\",\"@id\":\"https:\\\/\\\/pontiasports.es\\\/cookies\\\/\",\"url\":\"https:\\\/\\\/pontiasports.es\\\/cookies\\\/\",\"name\":\"Pol\u00edtica de cookies - Pontia Sports &amp; Entertainment\",\"isPartOf\":{\"@id\":\"https:\\\/\\\/pontiasports.es\\\/#website\"},\"datePublished\":\"2025-10-13T07:12:07+00:00\",\"dateModified\":\"2025-10-16T11:11:50+00:00\",\"breadcrumb\":{\"@id\":\"https:\\\/\\\/pontiasports.es\\\/cookies\\\/#breadcrumb\"},\"inLanguage\":\"en-GB\",\"potentialAction\":[{\"@type\":\"ReadAction\",\"target\":[\"https:\\\/\\\/pontiasports.es\\\/cookies\\\/\"]}]},{\"@type\":\"BreadcrumbList\",\"@id\":\"https:\\\/\\\/pontiasports.es\\\/cookies\\\/#breadcrumb\",\"itemListElement\":[{\"@type\":\"ListItem\",\"position\":1,\"name\":\"Portada\",\"item\":\"https:\\\/\\\/pontiasports.es\\\/\"},{\"@type\":\"ListItem\",\"position\":2,\"name\":\"Pol\u00edtica de cookies\"}]},{\"@type\":\"WebSite\",\"@id\":\"https:\\\/\\\/pontiasports.es\\\/#website\",\"url\":\"https:\\\/\\\/pontiasports.es\\\/\",\"name\":\"Pontia Sports & Entertainment\",\"description\":\"\",\"publisher\":{\"@id\":\"https:\\\/\\\/pontiasports.es\\\/#organization\"},\"alternateName\":\"Representaci\u00f3n de deportistas\",\"potentialAction\":[{\"@type\":\"SearchAction\",\"target\":{\"@type\":\"EntryPoint\",\"urlTemplate\":\"https:\\\/\\\/pontiasports.es\\\/?s={search_term_string}\"},\"query-input\":{\"@type\":\"PropertyValueSpecification\",\"valueRequired\":true,\"valueName\":\"search_term_string\"}}],\"inLanguage\":\"en-GB\"},{\"@type\":\"Organization\",\"@id\":\"https:\\\/\\\/pontiasports.es\\\/#organization\",\"name\":\"Pontia Sports & Entertainment\",\"url\":\"https:\\\/\\\/pontiasports.es\\\/\",\"logo\":{\"@type\":\"ImageObject\",\"inLanguage\":\"en-GB\",\"@id\":\"https:\\\/\\\/pontiasports.es\\\/#\\\/schema\\\/logo\\\/image\\\/\",\"url\":\"https:\\\/\\\/pontiasports.es\\\/wp-content\\\/uploads\\\/2025\\\/10\\\/PONTIA-SPORTS_negro.png\",\"contentUrl\":\"https:\\\/\\\/pontiasports.es\\\/wp-content\\\/uploads\\\/2025\\\/10\\\/PONTIA-SPORTS_negro.png\",\"width\":2324,\"height\":1075,\"caption\":\"Pontia Sports & Entertainment\"},\"image\":{\"@id\":\"https:\\\/\\\/pontiasports.es\\\/#\\\/schema\\\/logo\\\/image\\\/\"},\"sameAs\":[\"https:\\\/\\\/www.facebook.com\\\/PontiaSports\",\"https:\\\/\\\/www.instagram.com\\\/pontiasports\\\/\",\"https:\\\/\\\/www.linkedin.com\\\/company\\\/pontiasports\\\/?viewAsMember=true\"]}]}<\/script>\n<!-- \/ Yoast SEO plugin. -->","yoast_head_json":{"title":"Pol\u00edtica de cookies - Pontia Sports &amp; Entertainment","robots":{"index":"index","follow":"follow","max-snippet":"max-snippet:-1","max-image-preview":"max-image-preview:large","max-video-preview":"max-video-preview:-1"},"canonical":"https:\/\/pontiasports.es\/en\/cookies\/","og_locale":"en_GB","og_type":"article","og_title":"Pol\u00edtica de cookies - Pontia Sports &amp; Entertainment","og_description":"Uso de cookies La p\u00e1gina web de actalent.com utiliza cookies y\/u otros archivos de funcionalidad similar (en adelante, las \u201cCookies\u201d) para mejorar tu accesibilidad, personalizar y analizar tu navegaci\u00f3n, y mostrarte publicidad, incluidos anuncios basados en tus intereses. Esta pol\u00edtica puede ser actualizada, por lo que te invitamos a revisarla de forma regular. \u00bfQu\u00e9 son [&hellip;]","og_url":"https:\/\/pontiasports.es\/en\/cookies\/","og_site_name":"Pontia Sports &amp; Entertainment","article_publisher":"https:\/\/www.facebook.com\/PontiaSports","article_modified_time":"2025-10-16T11:11:50+00:00","og_image":[{"width":2253,"height":1075,"url":"https:\/\/pontiasports.es\/wp-content\/uploads\/2025\/10\/cropped-PONTIA-SPORTS_negro.png","type":"image\/png"}],"twitter_card":"summary_large_image","twitter_misc":{"Estimated reading time":"3 minutes"},"schema":{"@context":"https:\/\/schema.org","@graph":[{"@type":"WebPage","@id":"https:\/\/pontiasports.es\/cookies\/","url":"https:\/\/pontiasports.es\/cookies\/","name":"Pol\u00edtica de cookies - Pontia Sports &amp; Entertainment","isPartOf":{"@id":"https:\/\/pontiasports.es\/#website"},"datePublished":"2025-10-13T07:12:07+00:00","dateModified":"2025-10-16T11:11:50+00:00","breadcrumb":{"@id":"https:\/\/pontiasports.es\/cookies\/#breadcrumb"},"inLanguage":"en-GB","potentialAction":[{"@type":"ReadAction","target":["https:\/\/pontiasports.es\/cookies\/"]}]},{"@type":"BreadcrumbList","@id":"https:\/\/pontiasports.es\/cookies\/#breadcrumb","itemListElement":[{"@type":"ListItem","position":1,"name":"Portada","item":"https:\/\/pontiasports.es\/"},{"@type":"ListItem","position":2,"name":"Pol\u00edtica de cookies"}]},{"@type":"WebSite","@id":"https:\/\/pontiasports.es\/#website","url":"https:\/\/pontiasports.es\/","name":"Pontia Sports & Entertainment","description":"","publisher":{"@id":"https:\/\/pontiasports.es\/#organization"},"alternateName":"Representaci\u00f3n de deportistas","potentialAction":[{"@type":"SearchAction","target":{"@type":"EntryPoint","urlTemplate":"https:\/\/pontiasports.es\/?s={search_term_string}"},"query-input":{"@type":"PropertyValueSpecification","valueRequired":true,"valueName":"search_term_string"}}],"inLanguage":"en-GB"},{"@type":"Organization","@id":"https:\/\/pontiasports.es\/#organization","name":"Pontia Sports & Entertainment","url":"https:\/\/pontiasports.es\/","logo":{"@type":"ImageObject","inLanguage":"en-GB","@id":"https:\/\/pontiasports.es\/#\/schema\/logo\/image\/","url":"https:\/\/pontiasports.es\/wp-content\/uploads\/2025\/10\/PONTIA-SPORTS_negro.png","contentUrl":"https:\/\/pontiasports.es\/wp-content\/uploads\/2025\/10\/PONTIA-SPORTS_negro.png","width":2324,"height":1075,"caption":"Pontia Sports & Entertainment"},"image":{"@id":"https:\/\/pontiasports.es\/#\/schema\/logo\/image\/"},"sameAs":["https:\/\/www.facebook.com\/PontiaSports","https:\/\/www.instagram.com\/pontiasports\/","https:\/\/www.linkedin.com\/company\/pontiasports\/?viewAsMember=true"]}]}},"_links":{"self":[{"href":"https:\/\/pontiasports.es\/en\/wp-json\/wp\/v2\/pages\/19","targetHints":{"allow":["GET"]}}],"collection":[{"href":"https:\/\/pontiasports.es\/en\/wp-json\/wp\/v2\/pages"}],"about":[{"href":"https:\/\/pontiasports.es\/en\/wp-json\/wp\/v2\/types\/page"}],"author":[{"embeddable":true,"href":"https:\/\/pontiasports.es\/en\/wp-json\/wp\/v2\/users\/1"}],"replies":[{"embeddable":true,"href":"https:\/\/pontiasports.es\/en\/wp-json\/wp\/v2\/comments?post=19"}],"version-history":[{"count":2,"href":"https:\/\/pontiasports.es\/en\/wp-json\/wp\/v2\/pages\/19\/revisions"}],"predecessor-version":[{"id":234,"href":"https:\/\/pontiasports.es\/en\/wp-json\/wp\/v2\/pages\/19\/revisions\/234"}],"wp:attachment":[{"href":"https:\/\/pontiasports.es\/en\/wp-json\/wp\/v2\/media?parent=19"}],"curies":[{"name":"wp","href":"https:\/\/api.w.org\/{rel}","templated":true}]}}