{"id":207,"date":"2025-10-15T11:19:18","date_gmt":"2025-10-15T11:19:18","guid":{"rendered":"https:\/\/pontiasports.es\/?page_id=207"},"modified":"2025-10-15T11:30:40","modified_gmt":"2025-10-15T11:30:40","slug":"aviso-legal","status":"publish","type":"page","link":"https:\/\/pontiasports.es\/en\/aviso-legal\/","title":{"rendered":"Terms and Conditions"},"content":{"rendered":"<h2 class=\"wp-block-heading\"><strong>Datos identificativos<\/strong><\/h2>\n\n\n\n<p class=\"wp-block-paragraph\">En cumplimiento con el deber de informaci\u00f3n recogido en art\u00edculo 10 de la&nbsp;<a href=\"https:\/\/vlex.es\/vid\/ley-servicios-sociedad-electronico-172670?from_fbt=1&amp;forw=go&amp;fbt=webapp_preview&amp;addon_version=6.9\">Ley 34\/2002<\/a>, de 11 de julio, de Servicios de la Sociedad de la Informaci\u00f3n y del Comercio Electr\u00f3nico, a continuaci\u00f3n se reflejan los siguientes datos del sitio web: la empresa titular de&nbsp;www.pontiasports.es&nbsp;<strong>PONTIA SPORTS &amp; ENTERTAINMENT &nbsp;<\/strong>(en adelante, PONTIA SPORTS)&nbsp;es PONTIA ASSET MANAGEMENT S.L. con domicilio a estos efectos en Camino de Silla, sin n\u00famero, 46960 (Aldaia) Valencia, n\u00famero de C.I.F: B 97144083 inscrita en el Registro Mercantil de Valencia en el tomo 9526 general, Folio 109, secci\u00f3n 8\u00aa, Hoja n\u00famero V-150412, Inscripci\u00f3n de protocolo 869. Correo electr\u00f3nico de contacto: \u200b<a href=\"mailto:info@pontiacapital.com\">info@pontiacapital.com<\/a><\/p>\n\n\n\n<div style=\"height:40px\" aria-hidden=\"true\" class=\"wp-block-spacer\"><\/div>\n\n\n\n<h2 class=\"wp-block-heading\"><strong>Data Protection<\/strong><\/h2>\n\n\n\n<p class=\"wp-block-paragraph\"><strong>PONTIA SPORTS&nbsp;<\/strong>cumple con las directrices del Reglamento General de Protecci\u00f3n de Dados, y dem\u00e1s normativa vigente, y vela por garantizar el correcto uso y tratamiento de los datos personales del usuario. Para ello, junto a cada formulario de recabo de datos de car\u00e1cter personal, en los servicios que el usuario pueda solicitar a&nbsp;<strong>PONTIA SPORTS<\/strong>, har\u00e1 saber al usuario de la existencia y aceptaci\u00f3n de las condiciones particulares del tratamiento de sus datos en cada caso, inform\u00e1ndole de: (i) el responsable del tratamiento, (ii) la finalidad del mismo, (iii) la causa legitimadora, (iv) los posibles destinatarios de los datos, (v) el procedimiento para ejercer los derechos de acceso, rectificaci\u00f3n, oposici\u00f3n, supresi\u00f3n, limitaci\u00f3n al tratamiento y portabilidad, as\u00ed como, en los casos en los que los datos no se hayan obtenido del propio interesado, de (v) la procedencia y las categor\u00edas de datos tratados. Asimismo,&nbsp;<strong>PONTIA SPORTS<\/strong>&nbsp;informa que da cumplimiento a la&nbsp;<a href=\"https:\/\/vlex.es\/vid\/ley-servicios-sociedad-electronico-172670?from_fbt=1&amp;forw=go&amp;fbt=webapp_preview&amp;addon_version=6.9\">Ley 34\/2002<\/a>&nbsp;de 11 de julio, de Servicios de la Sociedad de la Informaci\u00f3n y el Comercio Electr\u00f3nico y le solicitar\u00e1 su consentimiento al tratamiento de su correo electr\u00f3nico con fines comerciales en cada momento.<\/p>\n\n\n\n<p class=\"wp-block-paragraph\">Para m\u00e1s informaci\u00f3n, puede acceder a&nbsp;<a href=\"https:\/\/actalent.com\/proteccion-de-datos\/\">https:\/\/pontiasports.es\/proteccion-de-datos\/<\/a>.<\/p>\n\n\n\n<div style=\"height:40px\" aria-hidden=\"true\" class=\"wp-block-spacer\"><\/div>\n\n\n\n<h2 class=\"wp-block-heading\"><strong>Propiedad intelectual e industrial<\/strong><\/h2>\n\n\n\n<p class=\"wp-block-paragraph\"><strong><strong>PONTIA SPORTS<\/strong><\/strong>&nbsp;es titular de todos los derechos de propiedad intelectual e industrial de su p\u00e1gina web, as\u00ed como de los elementos contenidos en la misma (a t\u00edtulo enunciativo, im\u00e1genes, sonido, audio, v\u00eddeo, software o textos; marcas o logotipos, combinaciones de colores, estructura y dise\u00f1o, selecci\u00f3n de materiales usados, programas de ordenador necesarios para su funcionamiento, acceso y uso, etc.), titularidad de&nbsp;<strong><strong>PONTIA SPORTS<\/strong><\/strong>&nbsp;o bien de sus licenciantes. Todos los derechos reservados. En virtud de lo dispuesto en los art\u00edculos&nbsp;<a href=\"https:\/\/vlex.es\/vid\/regularizando-aclarando-armonizando-127567?from_fbt=1&amp;forw=go#articulo8&amp;fbt=webapp_preview&amp;addon_version=6.9\">8<\/a>&nbsp;y&nbsp;<a href=\"https:\/\/vlex.es\/vid\/regularizando-aclarando-armonizando-127567?from_fbt=1&amp;forw=go#articulo32.1.2&amp;fbt=webapp_preview&amp;addon_version=6.9\">32.1<\/a>, p\u00e1rrafo segundo, de la&nbsp;<a href=\"https:\/\/vlex.es\/vid\/regularizando-aclarando-armonizando-127567?from_fbt=1&amp;forw=go&amp;fbt=webapp_preview&amp;addon_version=6.9\">Ley de Propiedad Intelectual<\/a>, quedan expresamente prohibidas la reproducci\u00f3n, la distribuci\u00f3n y la comunicaci\u00f3n p\u00fablica, incluida su modalidad de puesta a disposici\u00f3n, de la totalidad o parte de los contenidos de esta p\u00e1gina web, con fines comerciales, en cualquier soporte y por cualquier medio t\u00e9cnico, sin la autorizaci\u00f3n de&nbsp;<strong><strong>PONTIA SPORTS<\/strong><\/strong>. El usuario se compromete a respetar los derechos de Propiedad Intelectual e Industrial titularidad de&nbsp;<strong><strong>PONTIA SPORTS<\/strong><\/strong>.<\/p>\n\n\n\n<div style=\"height:40px\" aria-hidden=\"true\" class=\"wp-block-spacer\"><\/div>\n\n\n\n<h2 class=\"wp-block-heading\"><strong>Enlaces<\/strong><\/h2>\n\n\n\n<p class=\"wp-block-paragraph\">En el caso de que en&nbsp;<a href=\"https:\/\/pontiasports.es\/en\/\" target=\"_blank\" rel=\"noreferrer noopener\">www.pontiasports.es<\/a>&nbsp;se dispusiesen enlaces o hiperv\u00ednculos hac\u00eda otros sitios de Internet,&nbsp;<strong><strong><strong>PONTIA SPORTS<\/strong><\/strong><\/strong>&nbsp;no ejercer\u00e1 ning\u00fan tipo de control sobre dichos sitios y contenidos. En ning\u00fan caso&nbsp;<strong><strong><strong>PONTIA SPORTS<\/strong><\/strong><\/strong>&nbsp;asumir\u00e1 responsabilidad alguna por los contenidos de alg\u00fan enlace perteneciente a un sitio web ajeno.<\/p>\n\n\n\n<p class=\"wp-block-paragraph\">Asimismo, el simple hecho de establecer un enlace a nuestra p\u00e1gina web no da derecho a otorgarse la categor\u00eda de colaborador o socio de&nbsp;<strong><strong><strong>PONTIA SPORTS<\/strong><\/strong><\/strong>.<\/p>\n\n\n\n<p class=\"wp-block-paragraph\">Est\u00e1 absolutamente prohibida la imitaci\u00f3n ya sea total o parcial del portal de <strong><strong>PONTIA SPORTS<\/strong><\/strong>.<\/p>\n\n\n\n<div style=\"height:40px\" aria-hidden=\"true\" class=\"wp-block-spacer\"><\/div>\n\n\n\n<h2 class=\"wp-block-heading\"><strong>Limitaci\u00f3n de responsabilidad<\/strong><\/h2>\n\n\n\n<p class=\"wp-block-paragraph\"><strong><strong><strong><strong>PONTIA SPORTS<\/strong><\/strong><\/strong>&nbsp;<\/strong>no se hace responsable, en ning\u00fan caso, de los da\u00f1os y perjuicios de cualquier naturaleza que pudieran ocasionar, a t\u00edtulo enunciativo, errores u omisiones en los contenidos, falta de disponibilidad del portal o la transmisi\u00f3n de virus o programas maliciosos o lesivos en los contenidos, a pesar de haber adoptado todas las medidas tecnol\u00f3gicas necesarias para evitarlo.<\/p>\n\n\n\n<div style=\"height:40px\" aria-hidden=\"true\" class=\"wp-block-spacer\"><\/div>\n\n\n\n<h2 class=\"wp-block-heading\"><strong>Modificaciones y actualizaciones<\/strong><\/h2>\n\n\n\n<p class=\"wp-block-paragraph\"><strong><strong><strong>PONTIA SPORTS<\/strong><\/strong><\/strong>&nbsp;se reserva la facultad de efectuar, en cualquier momento y sin necesidad de previo aviso, modificaciones y actualizaciones de la informaci\u00f3n contenida en la web, de la configuraci\u00f3n, disponibilidad y presentaci\u00f3n de \u00e9sta.<\/p>\n\n\n\n<div style=\"height:40px\" aria-hidden=\"true\" class=\"wp-block-spacer\"><\/div>\n\n\n\n<h2 class=\"wp-block-heading\"><strong>Condiciones De Acceso<\/strong><\/h2>\n\n\n\n<p class=\"wp-block-paragraph\">El acceso a la presente p\u00e1gina web es gratuito y no exige previa suscripci\u00f3n o registro.&nbsp;<\/p>\n\n\n\n<p class=\"wp-block-paragraph\">El env\u00edo de datos personales implica la aceptaci\u00f3n expresa por parte del usuario de la&nbsp;<a href=\"https:\/\/pontiasports.es\/en\/proteccion-de-datos\/\">Pol\u00edtica de Protecci\u00f3n de datos<\/a>.<\/p>\n\n\n\n<p class=\"wp-block-paragraph\">El usuario debe acceder a la p\u00e1gina web de <strong><strong>PONTIA SPORTS<\/strong><\/strong>conforme a la buena fe, las normas de orden p\u00fablico y a las presentes Condiciones de uso. El acceso a la p\u00e1gina web de <strong><strong>PONTIA SPORTS<\/strong><\/strong> se realiza bajo la propia y exclusiva responsabilidad del usuario, que responder\u00e1 en todo caso de los da\u00f1os y perjuicios que pueda causar a terceros o a nosotros mismos.<\/p>\n\n\n\n<p class=\"wp-block-paragraph\">Teniendo en cuenta la imposibilidad de control respecto a la informaci\u00f3n, contenidos y servicios que contengan otras p\u00e1ginas web a los que se pueda acceder a trav\u00e9s de los enlaces que nuestra p\u00e1gina web pueda poner a su disposici\u00f3n, le comunicamos que quedamos eximidos de cualquier responsabilidad por los da\u00f1os y perjuicios de toda clase que pudiesen derivar por la utilizaci\u00f3n de esas p\u00e1ginas web, ajenas a nuestra empresa, por parte del usuario.<\/p>\n\n\n\n<p class=\"wp-block-paragraph\">El usuario tiene expresamente prohibido la utilizaci\u00f3n y obtenci\u00f3n de los servicios y contenidos ofrecidos en la presente p\u00e1gina web, por procedimientos distintos a los estipulados en las presentes condiciones de uso, y en su caso en las condiciones particulares que regulen la adquisici\u00f3n de determinados servicios.<\/p>\n\n\n\n<p class=\"wp-block-paragraph\"><strong><strong><strong>PONTIA SPORTS<\/strong><\/strong><\/strong>&nbsp;se reserva el derecho de ejercitar las acciones legales oportunas contra aquellos usuarios que vulneren las presentes condiciones generales de uso, aceptando el usuario que la no iniciaci\u00f3n de estas acciones no constituye una renuncia formal a los mismas, permaneciendo \u00e9stas vigentes hasta los plazos de prescripci\u00f3n de las infracciones.<\/p>\n\n\n\n<div style=\"height:40px\" aria-hidden=\"true\" class=\"wp-block-spacer\"><\/div>\n\n\n\n<h2 class=\"wp-block-heading\"><strong>Responsabilidades<\/strong><\/h2>\n\n\n\n<p class=\"wp-block-paragraph\">Al poner a disposici\u00f3n del usuario esta p\u00e1gina web,&nbsp;<strong><strong><strong><strong>PONTIA SPORTS<\/strong><\/strong><\/strong><\/strong>&nbsp;quiere ofrecer toda una serie de contenidos y servicios de calidad, utilizando la m\u00e1xima diligencia en la prestaci\u00f3n de los mismos, as\u00ed como en los medios tecnol\u00f3gicos utilizados. No obstante, <strong><strong><strong>PONTIA SPORTS<\/strong><\/strong><\/strong>&nbsp;no responder\u00e1 de la presencia de virus y otros elementos que de alg\u00fan modo puedan da\u00f1ar el sistema inform\u00e1tico del usuario.<\/p>\n\n\n\n<p class=\"wp-block-paragraph\">El usuario tiene prohibido cualquier tipo de acci\u00f3n sobre el portal de <strong><strong><strong>PONTIA SPORTS<\/strong><\/strong><\/strong> que origine una excesiva sobrecarga de funcionamiento a los sistemas inform\u00e1ticos de <strong><strong><strong>PONTIA SPORTS<\/strong><\/strong><\/strong>, as\u00ed como la introducci\u00f3n de virus, o instalaci\u00f3n de robots, o software que altere el normal funcionamiento de nuestra web, o en definitiva pueda causar da\u00f1os a nuestros sistemas inform\u00e1ticos.<\/p>\n\n\n\n<p class=\"wp-block-paragraph\">El usuario asume toda la responsabilidad derivada del uso de la p\u00e1gina web de <strong><strong><strong>PONTIA SPORTS<\/strong><\/strong><\/strong> siendo el \u00fanico responsable de todo efecto directo o indirecto que sobre la p\u00e1gina web se derive, incluyendo, de forma enunciativa y no limitativa, todo resultado econ\u00f3mico, t\u00e9cnico y\/o jur\u00eddico adverso, as\u00ed como la defraudaci\u00f3n de las expectativas generadas por nuestro portal, oblig\u00e1ndose el usuario a mantener indemne a&nbsp;<strong><strong><strong><strong>PONTIA SPORTS<\/strong><\/strong><\/strong><\/strong>&nbsp;por cualesquiera reclamaciones derivadas, directa o indirectamente de tales hechos.<\/p>\n\n\n\n<p class=\"wp-block-paragraph\"><strong><strong><strong><strong>PONTIA SPORTS<\/strong><\/strong><\/strong><\/strong>&nbsp;queda exonerado de responsabilidad por cualquier reclamaci\u00f3n respecto a los derechos de propiedad intelectual de los art\u00edculos e im\u00e1genes publicadas en su portal, as\u00ed como, no garantiza la exactitud, veracidad y vigencia de los contenidos de esta p\u00e1gina web, ya sean propios, de terceros, o enlazables a otras webs sites, quedando totalmente exonerada de cualquier responsabilidad derivada del uso de los mismos.<\/p>\n\n\n\n<p class=\"wp-block-paragraph\"><strong><strong><strong><strong>PONTIA SPORTS<\/strong><\/strong><\/strong><\/strong>&nbsp;queda exonerada de cualquier responsabilidad derivada de cualquier reclamaci\u00f3n, incluido el pago de honorarios a abogados, por las demandas y reclamaciones originadas por terceros por el incumplimiento por parte del usuario de las presentes condiciones de uso, acceso y pol\u00edtica de privacidad, o cualesquiera otra reclamaci\u00f3n por el incumplimiento de la legislaci\u00f3n vigente.<\/p>\n\n\n\n<p class=\"wp-block-paragraph\">El usuario reconoce que ha entendido toda la informaci\u00f3n respecto a las condiciones de uso del presente portal, y reconoce que son suficientes para la exclusi\u00f3n del error en las mismas, y por lo tanto, las acepta integra y expresamente.<\/p>\n\n\n\n<p class=\"wp-block-paragraph\">El usuario es plenamente consciente de que la mera navegaci\u00f3n por la presente p\u00e1gina web, as\u00ed como la utilizaci\u00f3n de sus servicios, implica la aceptaci\u00f3n de las presentes condiciones de uso.<\/p>\n\n\n\n<p class=\"wp-block-paragraph\">Todo lo referente a la p\u00e1gina web de <strong><strong><strong>PONTIA SPORTS<\/strong><\/strong><\/strong>, se rige por las leyes espa\u00f1olas. En el caso de que se produzca cualquier tipo de discrepancia o diferencia entre las partes en relaci\u00f3n con la interpretaci\u00f3n y contenido de la presente p\u00e1gina web, todas las partes se someten, con renuncia expresa a cualquier otro fuero, a los Juzgados y Tribunales de Madrid (Espa\u00f1a).<\/p>\n\n\n\n<p class=\"wp-block-paragraph\">Fecha de publicaci\u00f3n: 15 de Octubre de 2025.<\/p>\n\n\n\n<h2 class=\"wp-block-heading\"><\/h2>\n\n\n\n<p class=\"wp-block-paragraph\"><\/p>","protected":false},"excerpt":{"rendered":"<p>Datos identificativos En cumplimiento con el deber de informaci\u00f3n recogido en art\u00edculo 10 de la&nbsp;Ley 34\/2002, de 11 de julio, de Servicios de la Sociedad de la Informaci\u00f3n y del Comercio Electr\u00f3nico, a continuaci\u00f3n se reflejan los siguientes datos del sitio web: la empresa titular de&nbsp;www.pontiasports.es&nbsp;PONTIA SPORTS &amp; ENTERTAINMENT &nbsp;(en adelante, PONTIA SPORTS)&nbsp;es PONTIA ASSET [&hellip;]<\/p>\n","protected":false},"author":1,"featured_media":0,"parent":0,"menu_order":0,"comment_status":"closed","ping_status":"closed","template":"templates\/template-page-full-width.php","meta":{"_crdt_document":"","footnotes":""},"class_list":["post-207","page","type-page","status-publish","hentry"],"yoast_head":"<!-- This site is optimized with the Yoast SEO plugin v27.5 - https:\/\/yoast.com\/product\/yoast-seo-wordpress\/ -->\n<title>Aviso Legal - Pontia Sports &amp; Entertainment<\/title>\n<meta name=\"robots\" content=\"index, follow, max-snippet:-1, max-image-preview:large, max-video-preview:-1\" \/>\n<link rel=\"canonical\" href=\"https:\/\/pontiasports.es\/en\/aviso-legal\/\" \/>\n<meta property=\"og:locale\" content=\"en_GB\" \/>\n<meta property=\"og:type\" content=\"article\" \/>\n<meta property=\"og:title\" content=\"Aviso Legal - Pontia Sports &amp; Entertainment\" \/>\n<meta property=\"og:description\" content=\"Datos identificativos En cumplimiento con el deber de informaci\u00f3n recogido en art\u00edculo 10 de la&nbsp;Ley 34\/2002, de 11 de julio, de Servicios de la Sociedad de la Informaci\u00f3n y del Comercio Electr\u00f3nico, a continuaci\u00f3n se reflejan los siguientes datos del sitio web: la empresa titular de&nbsp;www.pontiasports.es&nbsp;PONTIA SPORTS &amp; ENTERTAINMENT &nbsp;(en adelante, PONTIA SPORTS)&nbsp;es PONTIA ASSET [&hellip;]\" \/>\n<meta property=\"og:url\" content=\"https:\/\/pontiasports.es\/en\/aviso-legal\/\" \/>\n<meta property=\"og:site_name\" content=\"Pontia Sports &amp; Entertainment\" \/>\n<meta property=\"article:publisher\" content=\"https:\/\/www.facebook.com\/PontiaSports\" \/>\n<meta property=\"article:modified_time\" content=\"2025-10-15T11:30:40+00:00\" \/>\n<meta property=\"og:image\" content=\"https:\/\/pontiasports.es\/wp-content\/uploads\/2025\/10\/cropped-PONTIA-SPORTS_negro.png\" \/>\n\t<meta property=\"og:image:width\" content=\"2253\" \/>\n\t<meta property=\"og:image:height\" content=\"1075\" \/>\n\t<meta property=\"og:image:type\" content=\"image\/png\" \/>\n<meta name=\"twitter:card\" content=\"summary_large_image\" \/>\n<meta name=\"twitter:label1\" content=\"Estimated reading time\" \/>\n\t<meta name=\"twitter:data1\" content=\"8 minutes\" \/>\n<script type=\"application\/ld+json\" class=\"yoast-schema-graph\">{\"@context\":\"https:\\\/\\\/schema.org\",\"@graph\":[{\"@type\":\"WebPage\",\"@id\":\"https:\\\/\\\/pontiasports.es\\\/aviso-legal\\\/\",\"url\":\"https:\\\/\\\/pontiasports.es\\\/aviso-legal\\\/\",\"name\":\"Aviso Legal - Pontia Sports &amp; Entertainment\",\"isPartOf\":{\"@id\":\"https:\\\/\\\/pontiasports.es\\\/#website\"},\"datePublished\":\"2025-10-15T11:19:18+00:00\",\"dateModified\":\"2025-10-15T11:30:40+00:00\",\"breadcrumb\":{\"@id\":\"https:\\\/\\\/pontiasports.es\\\/aviso-legal\\\/#breadcrumb\"},\"inLanguage\":\"en-GB\",\"potentialAction\":[{\"@type\":\"ReadAction\",\"target\":[\"https:\\\/\\\/pontiasports.es\\\/aviso-legal\\\/\"]}]},{\"@type\":\"BreadcrumbList\",\"@id\":\"https:\\\/\\\/pontiasports.es\\\/aviso-legal\\\/#breadcrumb\",\"itemListElement\":[{\"@type\":\"ListItem\",\"position\":1,\"name\":\"Portada\",\"item\":\"https:\\\/\\\/pontiasports.es\\\/\"},{\"@type\":\"ListItem\",\"position\":2,\"name\":\"Aviso Legal\"}]},{\"@type\":\"WebSite\",\"@id\":\"https:\\\/\\\/pontiasports.es\\\/#website\",\"url\":\"https:\\\/\\\/pontiasports.es\\\/\",\"name\":\"Pontia Sports & Entertainment\",\"description\":\"\",\"publisher\":{\"@id\":\"https:\\\/\\\/pontiasports.es\\\/#organization\"},\"alternateName\":\"Representaci\u00f3n de deportistas\",\"potentialAction\":[{\"@type\":\"SearchAction\",\"target\":{\"@type\":\"EntryPoint\",\"urlTemplate\":\"https:\\\/\\\/pontiasports.es\\\/?s={search_term_string}\"},\"query-input\":{\"@type\":\"PropertyValueSpecification\",\"valueRequired\":true,\"valueName\":\"search_term_string\"}}],\"inLanguage\":\"en-GB\"},{\"@type\":\"Organization\",\"@id\":\"https:\\\/\\\/pontiasports.es\\\/#organization\",\"name\":\"Pontia Sports & Entertainment\",\"url\":\"https:\\\/\\\/pontiasports.es\\\/\",\"logo\":{\"@type\":\"ImageObject\",\"inLanguage\":\"en-GB\",\"@id\":\"https:\\\/\\\/pontiasports.es\\\/#\\\/schema\\\/logo\\\/image\\\/\",\"url\":\"https:\\\/\\\/pontiasports.es\\\/wp-content\\\/uploads\\\/2025\\\/10\\\/PONTIA-SPORTS_negro.png\",\"contentUrl\":\"https:\\\/\\\/pontiasports.es\\\/wp-content\\\/uploads\\\/2025\\\/10\\\/PONTIA-SPORTS_negro.png\",\"width\":2324,\"height\":1075,\"caption\":\"Pontia Sports & Entertainment\"},\"image\":{\"@id\":\"https:\\\/\\\/pontiasports.es\\\/#\\\/schema\\\/logo\\\/image\\\/\"},\"sameAs\":[\"https:\\\/\\\/www.facebook.com\\\/PontiaSports\",\"https:\\\/\\\/www.instagram.com\\\/pontiasports\\\/\",\"https:\\\/\\\/www.linkedin.com\\\/company\\\/pontiasports\\\/?viewAsMember=true\"]}]}<\/script>\n<!-- \/ Yoast SEO plugin. -->","yoast_head_json":{"title":"Aviso Legal - Pontia Sports &amp; Entertainment","robots":{"index":"index","follow":"follow","max-snippet":"max-snippet:-1","max-image-preview":"max-image-preview:large","max-video-preview":"max-video-preview:-1"},"canonical":"https:\/\/pontiasports.es\/en\/aviso-legal\/","og_locale":"en_GB","og_type":"article","og_title":"Aviso Legal - Pontia Sports &amp; Entertainment","og_description":"Datos identificativos En cumplimiento con el deber de informaci\u00f3n recogido en art\u00edculo 10 de la&nbsp;Ley 34\/2002, de 11 de julio, de Servicios de la Sociedad de la Informaci\u00f3n y del Comercio Electr\u00f3nico, a continuaci\u00f3n se reflejan los siguientes datos del sitio web: la empresa titular de&nbsp;www.pontiasports.es&nbsp;PONTIA SPORTS &amp; ENTERTAINMENT &nbsp;(en adelante, PONTIA SPORTS)&nbsp;es PONTIA ASSET [&hellip;]","og_url":"https:\/\/pontiasports.es\/en\/aviso-legal\/","og_site_name":"Pontia Sports &amp; Entertainment","article_publisher":"https:\/\/www.facebook.com\/PontiaSports","article_modified_time":"2025-10-15T11:30:40+00:00","og_image":[{"width":2253,"height":1075,"url":"https:\/\/pontiasports.es\/wp-content\/uploads\/2025\/10\/cropped-PONTIA-SPORTS_negro.png","type":"image\/png"}],"twitter_card":"summary_large_image","twitter_misc":{"Estimated reading time":"8 minutes"},"schema":{"@context":"https:\/\/schema.org","@graph":[{"@type":"WebPage","@id":"https:\/\/pontiasports.es\/aviso-legal\/","url":"https:\/\/pontiasports.es\/aviso-legal\/","name":"Aviso Legal - Pontia Sports &amp; Entertainment","isPartOf":{"@id":"https:\/\/pontiasports.es\/#website"},"datePublished":"2025-10-15T11:19:18+00:00","dateModified":"2025-10-15T11:30:40+00:00","breadcrumb":{"@id":"https:\/\/pontiasports.es\/aviso-legal\/#breadcrumb"},"inLanguage":"en-GB","potentialAction":[{"@type":"ReadAction","target":["https:\/\/pontiasports.es\/aviso-legal\/"]}]},{"@type":"BreadcrumbList","@id":"https:\/\/pontiasports.es\/aviso-legal\/#breadcrumb","itemListElement":[{"@type":"ListItem","position":1,"name":"Portada","item":"https:\/\/pontiasports.es\/"},{"@type":"ListItem","position":2,"name":"Aviso Legal"}]},{"@type":"WebSite","@id":"https:\/\/pontiasports.es\/#website","url":"https:\/\/pontiasports.es\/","name":"Pontia Sports & Entertainment","description":"","publisher":{"@id":"https:\/\/pontiasports.es\/#organization"},"alternateName":"Representaci\u00f3n de deportistas","potentialAction":[{"@type":"SearchAction","target":{"@type":"EntryPoint","urlTemplate":"https:\/\/pontiasports.es\/?s={search_term_string}"},"query-input":{"@type":"PropertyValueSpecification","valueRequired":true,"valueName":"search_term_string"}}],"inLanguage":"en-GB"},{"@type":"Organization","@id":"https:\/\/pontiasports.es\/#organization","name":"Pontia Sports & Entertainment","url":"https:\/\/pontiasports.es\/","logo":{"@type":"ImageObject","inLanguage":"en-GB","@id":"https:\/\/pontiasports.es\/#\/schema\/logo\/image\/","url":"https:\/\/pontiasports.es\/wp-content\/uploads\/2025\/10\/PONTIA-SPORTS_negro.png","contentUrl":"https:\/\/pontiasports.es\/wp-content\/uploads\/2025\/10\/PONTIA-SPORTS_negro.png","width":2324,"height":1075,"caption":"Pontia Sports & Entertainment"},"image":{"@id":"https:\/\/pontiasports.es\/#\/schema\/logo\/image\/"},"sameAs":["https:\/\/www.facebook.com\/PontiaSports","https:\/\/www.instagram.com\/pontiasports\/","https:\/\/www.linkedin.com\/company\/pontiasports\/?viewAsMember=true"]}]}},"_links":{"self":[{"href":"https:\/\/pontiasports.es\/en\/wp-json\/wp\/v2\/pages\/207","targetHints":{"allow":["GET"]}}],"collection":[{"href":"https:\/\/pontiasports.es\/en\/wp-json\/wp\/v2\/pages"}],"about":[{"href":"https:\/\/pontiasports.es\/en\/wp-json\/wp\/v2\/types\/page"}],"author":[{"embeddable":true,"href":"https:\/\/pontiasports.es\/en\/wp-json\/wp\/v2\/users\/1"}],"replies":[{"embeddable":true,"href":"https:\/\/pontiasports.es\/en\/wp-json\/wp\/v2\/comments?post=207"}],"version-history":[{"count":3,"href":"https:\/\/pontiasports.es\/en\/wp-json\/wp\/v2\/pages\/207\/revisions"}],"predecessor-version":[{"id":215,"href":"https:\/\/pontiasports.es\/en\/wp-json\/wp\/v2\/pages\/207\/revisions\/215"}],"wp:attachment":[{"href":"https:\/\/pontiasports.es\/en\/wp-json\/wp\/v2\/media?parent=207"}],"curies":[{"name":"wp","href":"https:\/\/api.w.org\/{rel}","templated":true}]}}