{"id":209,"date":"2025-10-15T11:24:52","date_gmt":"2025-10-15T11:24:52","guid":{"rendered":"https:\/\/pontiasports.es\/?page_id=209"},"modified":"2025-10-15T11:28:08","modified_gmt":"2025-10-15T11:28:08","slug":"proteccion-de-datos","status":"publish","type":"page","link":"https:\/\/pontiasports.es\/en\/proteccion-de-datos\/","title":{"rendered":"Data Protection"},"content":{"rendered":"<h2 class=\"wp-block-heading\">Datos personales de los usuarios<\/h2>\n\n\n\n<p class=\"wp-block-paragraph\">La presente pol\u00edtica de privacidad y protecci\u00f3n de datos cubre todos los datos recopilados y utilizados por\u00a0<strong>PONTIA SPORTS<\/strong> a trav\u00e9s del sitio web.<\/p>\n\n\n\n<p class=\"wp-block-paragraph\">Esta p\u00e1gina web no recaba datos personales de los usuarios. Sin embargo, en caso de que el usuario facilite datos a\u00a0<strong><strong>PONTIA SPORTS<\/strong> &amp; ENTERTAINMENT, S.L<\/strong>. (en adelante,\u00a0<strong>P<strong>ONTIA SPORTS<\/strong><\/strong>) por correo electr\u00f3nico o cualquier otro medio, sus datos se tratar\u00edan conforme a la\u00a0<strong>Ley\u00a0Org\u00e1nica\u00a03\/2018, de 5 de diciembre, de Protecci\u00f3n de Datos Personales y garant\u00eda de los derechos digitales<\/strong>\u00a0y al\u00a0<strong><a href=\"https:\/\/eu.vlex.com\/vid\/regulation-eu-2016-679-843418428?from_fbt=1&amp;forw=go&amp;fbt=webapp_preview&amp;addon_version=6.9\">REGLAMENTO (UE) 2016\/679<\/a>\u00a0DEL PARLAMENTO EUROPEO Y DEL CONSEJO<\/strong>, de 27 de abril de 2016, relativo a la protecci\u00f3n de las personas f\u00edsicas en lo que respecta al tratamiento de datos personales y a la libre circulaci\u00f3n de estos datos y por el que se deroga la Directiva 95\/46\/CE (Reglamento general de protecci\u00f3n de datos).<\/p>\n\n\n\n<p class=\"wp-block-paragraph\">Para m\u00e1s informaci\u00f3n al respecto, el usuario puede contactar con:<\/p>\n\n\n\n<p class=\"wp-block-paragraph\"><strong>PONTIA ASSET MANAGEMENT, S.L.<\/strong><br>Camino de Silla, sin n\u00famero &#8211; 46960 Aldaya &#8211; Valencia<br><a href=\"mailto:info@actalent.com\">info@pontiacapital.com<\/a><\/p>\n\n\n\n<p class=\"wp-block-paragraph\">Datos Personales hace referencia a cualquier informaci\u00f3n o datos que pueda identificarlo directa o indirectamente. Los Datos Personales incluyen informaci\u00f3n tal como su nombre, tel\u00e9fono, correo electr\u00f3nico, entre otros. Tambi\u00e9n podr\u00eda incluir identificadores num\u00e9ricos \u00fanicos como la direcci\u00f3n IP de su ordenador, as\u00ed como informaci\u00f3n que obtenemos a trav\u00e9s de cookies.<\/p>\n\n\n\n<div style=\"height:40px\" aria-hidden=\"true\" class=\"wp-block-spacer\"><\/div>\n\n\n\n<p class=\"wp-block-paragraph\"><strong>Finalidades, legitimaci\u00f3n y conservaci\u00f3n de los tratamientos de los datos enviados a trav\u00e9s de env\u00edo de correos electr\u00f3nicos o correos postales:<\/strong><\/p>\n\n\n\n<ul class=\"wp-block-list\">\n<li><strong><u>Datos personales recabados<\/u><\/strong>: Su correo electr\u00f3nico y los datos personales que incluya en el cuerpo del mensaje (como pueden ser su nombre y apellidos, tel\u00e9fono, entre otros).<\/li>\n\n\n\n<li><strong><u>Finalidad<\/u><\/strong>: Contestar sus solicitudes de informaci\u00f3n, atender sus peticiones y responder sus consultas o dudas. En caso de recibir su curr\u00edculum, sus datos personales y curriculares podr\u00e1n formar parte de nuestra base de datos para participar en nuestros procesos de selecci\u00f3n presentes y futuros.\u00a0<\/li>\n\n\n\n<li><strong><u>Legitimaci\u00f3n:<\/u><\/strong>\u00a0Su consentimiento expreso y nuestro inter\u00e9s leg\u00edtimo.\u00a0<\/li>\n\n\n\n<li><strong><u>Conservaci\u00f3n:<\/u><\/strong>\u00a0Si nos contacta para cualquier duda o informaci\u00f3n, conservaremos sus datos hasta que haya sido resuelta su solicitud, si no ha generado un nuevo tratamiento.<\/li>\n<\/ul>\n\n\n\n<p class=\"wp-block-paragraph\">En los casos en los que env\u00ede su curr\u00edculum, sus datos personales y curriculares podr\u00e1n formar parte de nuestra base de datos para participar en nuestros procesos de selecci\u00f3n presentes y futuros, durante un tiempo no superior a un a\u00f1o.<\/p>\n\n\n\n<div style=\"height:40px\" aria-hidden=\"true\" class=\"wp-block-spacer\"><\/div>\n\n\n\n<p class=\"wp-block-paragraph\"><strong>Destinatarios de sus datos<\/strong><\/p>\n\n\n\n<p class=\"wp-block-paragraph\">Sus datos son confidenciales y no se ceder\u00e1n a terceros, salvo que exista obligaci\u00f3n legal.<\/p>\n\n\n\n<p class=\"wp-block-paragraph\">En cualquier caso, los Datos Personales que recabamos de usted pueden ser tratados por miembros de nuestro personal, habida cuenta del inter\u00e9s leg\u00edtimo de <strong>PONTIA SPORTS<\/strong>.<\/p>\n\n\n\n<p class=\"wp-block-paragraph\">Asimismo, sus datos personales podr\u00e1n ser comunicados a nuestros encargados de tratamiento, para la correcta ejecuci\u00f3n del servicio, esto es, a terceros que nos ayudan a proporcionar servicios digitales, programas de lealtad, administraci\u00f3n de identidades, CRM, an\u00e1lisis web y motor de b\u00fasqueda.<\/p>\n\n\n\n<div style=\"height:40px\" aria-hidden=\"true\" class=\"wp-block-spacer\"><\/div>\n\n\n\n<p class=\"wp-block-paragraph\"><strong>Derechos en relaci\u00f3n con sus datos personales<\/strong><\/p>\n\n\n\n<p class=\"wp-block-paragraph\">Cualquier persona puede retirar su consentimiento en cualquier momento, cuando el mismo se haya otorgado para el tratamiento de sus datos. En ning\u00fan caso, la retirada de este consentimiento condiciona la suscripci\u00f3n o las relaciones generadas con anterioridad.<\/p>\n\n\n\n<p class=\"wp-block-paragraph\">Igualmente, puede ejercer los siguientes derechos:<\/p>\n\n\n\n<ul class=\"wp-block-list\">\n<li>Solicitar el acceso a sus datos personales o su rectificaci\u00f3n cuando sean inexactos.<\/li>\n\n\n\n<li>Solicitar su supresi\u00f3n cuando, entre otros motivos, los datos ya no sean necesarios para los fines para los que fueron recogidos.<\/li>\n\n\n\n<li>Solicitar la limitaci\u00f3n de su tratamiento en determinadas circunstancias.<\/li>\n\n\n\n<li>Solicitar la oposici\u00f3n al tratamiento de sus datos por motivos relacionados con su situaci\u00f3n particular.<\/li>\n\n\n\n<li>Solicitar la portabilidad de los datos en los casos previstos en la normativa.<\/li>\n\n\n\n<li>Otros derechos reconocidos en las normativas aplicables.<\/li>\n<\/ul>\n\n\n\n<p class=\"wp-block-paragraph\">D\u00f3nde y c\u00f3mo solicitar sus Derechos: Mediante un escrito dirigido al responsable a la direcci\u00f3n postal o electr\u00f3nica (indicadas en el primer p\u00e1rrafo) de <strong>PONTIA SPORTS<\/strong>, indicando la referencia \u201cDatos Personales\u201d, especificando el derecho que se quiere ejercer y respecto a qu\u00e9 datos personales.<\/p>\n\n\n\n<p class=\"wp-block-paragraph\">En caso de divergencias con la empresa en relaci\u00f3n con el tratamiento de sus datos, puede presentar una reclamaci\u00f3n ante la&nbsp;<a href=\"https:\/\/www.aepd.es\/\">Agencia Espa\u00f1ola de Protecci\u00f3n de Datos.<\/a><\/p>\n\n\n\n<div style=\"height:40px\" aria-hidden=\"true\" class=\"wp-block-spacer\"><\/div>\n\n\n\n<p class=\"wp-block-paragraph\"><strong>Seguridad de sus datos personales<\/strong>&nbsp;<\/p>\n\n\n\n<p class=\"wp-block-paragraph\">Con el objetivo de salvaguardar la seguridad de sus datos personales, le informamos que hemos adoptado todas las medidas de \u00edndole t\u00e9cnica y organizativa necesarias para garantizar la seguridad de los datos personales suministrados de su alteraci\u00f3n, p\u00e9rdida y tratamientos o accesos no autorizados.<\/p>\n\n\n\n<div style=\"height:100px\" aria-hidden=\"true\" class=\"wp-block-spacer\"><\/div>\n\n\n\n<h2 class=\"wp-block-heading\">Datos de navegaci\u00f3n<\/h2>\n\n\n\n<p class=\"wp-block-paragraph\">Esta web no recoge datos del usuario salvo los utilizados por el plugin de seguridad Wordfence. Son datos t\u00e9cnicos de la conexi\u00f3n del usuario y se usan para realizar un an\u00e1lisis de seguridad sobre \u00e9stos para valorar si son da\u00f1inos para la web o no. El usuario puede ampliar la informaci\u00f3n al respecto en:&nbsp;<a href=\"https:\/\/www.wordfence.com\/help\/general-data-protection-regulation\/\">https:\/\/www.wordfence.com\/help\/general-data-protection-regulation\/<\/a><\/p>\n\n\n\n<p class=\"wp-block-paragraph\">El detalle de las cookies utilizadas en esta web, as\u00ed como sus finalidades y c\u00f3mo configurarlas, puede consultarse en la\u00a0<a href=\"https:\/\/pontiasports.es\/en\/politica-de-cookies\/\">pol\u00edtica de cookies.<\/a><\/p>\n\n\n\n<p class=\"wp-block-paragraph\"><\/p>","protected":false},"excerpt":{"rendered":"<p>Datos personales de los usuarios La presente pol\u00edtica de privacidad y protecci\u00f3n de datos cubre todos los datos recopilados y utilizados por\u00a0PONTIA SPORTS a trav\u00e9s del sitio web. Esta p\u00e1gina web no recaba datos personales de los usuarios. Sin embargo, en caso de que el usuario facilite datos a\u00a0PONTIA SPORTS &amp; ENTERTAINMENT, S.L. (en adelante,\u00a0PONTIA [&hellip;]<\/p>\n","protected":false},"author":1,"featured_media":0,"parent":0,"menu_order":0,"comment_status":"closed","ping_status":"closed","template":"templates\/template-page-full-width.php","meta":{"_crdt_document":"","footnotes":""},"class_list":["post-209","page","type-page","status-publish","hentry"],"yoast_head":"<!-- This site is optimized with the Yoast SEO plugin v27.5 - https:\/\/yoast.com\/product\/yoast-seo-wordpress\/ -->\n<title>Protecci\u00f3n de datos - Pontia Sports &amp; Entertainment<\/title>\n<meta name=\"robots\" content=\"index, follow, max-snippet:-1, max-image-preview:large, max-video-preview:-1\" \/>\n<link rel=\"canonical\" href=\"https:\/\/pontiasports.es\/en\/proteccion-de-datos\/\" \/>\n<meta property=\"og:locale\" content=\"en_GB\" \/>\n<meta property=\"og:type\" content=\"article\" \/>\n<meta property=\"og:title\" content=\"Protecci\u00f3n de datos - Pontia Sports &amp; Entertainment\" \/>\n<meta property=\"og:description\" content=\"Datos personales de los usuarios La presente pol\u00edtica de privacidad y protecci\u00f3n de datos cubre todos los datos recopilados y utilizados por\u00a0PONTIA SPORTS a trav\u00e9s del sitio web. Esta p\u00e1gina web no recaba datos personales de los usuarios. Sin embargo, en caso de que el usuario facilite datos a\u00a0PONTIA SPORTS &amp; ENTERTAINMENT, S.L. (en adelante,\u00a0PONTIA [&hellip;]\" \/>\n<meta property=\"og:url\" content=\"https:\/\/pontiasports.es\/en\/proteccion-de-datos\/\" \/>\n<meta property=\"og:site_name\" content=\"Pontia Sports &amp; Entertainment\" \/>\n<meta property=\"article:publisher\" content=\"https:\/\/www.facebook.com\/PontiaSports\" \/>\n<meta property=\"article:modified_time\" content=\"2025-10-15T11:28:08+00:00\" \/>\n<meta property=\"og:image\" content=\"https:\/\/pontiasports.es\/wp-content\/uploads\/2025\/10\/cropped-PONTIA-SPORTS_negro.png\" \/>\n\t<meta property=\"og:image:width\" content=\"2253\" \/>\n\t<meta property=\"og:image:height\" content=\"1075\" \/>\n\t<meta property=\"og:image:type\" content=\"image\/png\" \/>\n<meta name=\"twitter:card\" content=\"summary_large_image\" \/>\n<meta name=\"twitter:label1\" content=\"Estimated reading time\" \/>\n\t<meta name=\"twitter:data1\" content=\"4 minutes\" \/>\n<script type=\"application\/ld+json\" class=\"yoast-schema-graph\">{\"@context\":\"https:\\\/\\\/schema.org\",\"@graph\":[{\"@type\":\"WebPage\",\"@id\":\"https:\\\/\\\/pontiasports.es\\\/proteccion-de-datos\\\/\",\"url\":\"https:\\\/\\\/pontiasports.es\\\/proteccion-de-datos\\\/\",\"name\":\"Protecci\u00f3n de datos - Pontia Sports &amp; Entertainment\",\"isPartOf\":{\"@id\":\"https:\\\/\\\/pontiasports.es\\\/#website\"},\"datePublished\":\"2025-10-15T11:24:52+00:00\",\"dateModified\":\"2025-10-15T11:28:08+00:00\",\"breadcrumb\":{\"@id\":\"https:\\\/\\\/pontiasports.es\\\/proteccion-de-datos\\\/#breadcrumb\"},\"inLanguage\":\"en-GB\",\"potentialAction\":[{\"@type\":\"ReadAction\",\"target\":[\"https:\\\/\\\/pontiasports.es\\\/proteccion-de-datos\\\/\"]}]},{\"@type\":\"BreadcrumbList\",\"@id\":\"https:\\\/\\\/pontiasports.es\\\/proteccion-de-datos\\\/#breadcrumb\",\"itemListElement\":[{\"@type\":\"ListItem\",\"position\":1,\"name\":\"Portada\",\"item\":\"https:\\\/\\\/pontiasports.es\\\/\"},{\"@type\":\"ListItem\",\"position\":2,\"name\":\"Protecci\u00f3n de datos\"}]},{\"@type\":\"WebSite\",\"@id\":\"https:\\\/\\\/pontiasports.es\\\/#website\",\"url\":\"https:\\\/\\\/pontiasports.es\\\/\",\"name\":\"Pontia Sports & Entertainment\",\"description\":\"\",\"publisher\":{\"@id\":\"https:\\\/\\\/pontiasports.es\\\/#organization\"},\"alternateName\":\"Representaci\u00f3n de deportistas\",\"potentialAction\":[{\"@type\":\"SearchAction\",\"target\":{\"@type\":\"EntryPoint\",\"urlTemplate\":\"https:\\\/\\\/pontiasports.es\\\/?s={search_term_string}\"},\"query-input\":{\"@type\":\"PropertyValueSpecification\",\"valueRequired\":true,\"valueName\":\"search_term_string\"}}],\"inLanguage\":\"en-GB\"},{\"@type\":\"Organization\",\"@id\":\"https:\\\/\\\/pontiasports.es\\\/#organization\",\"name\":\"Pontia Sports & Entertainment\",\"url\":\"https:\\\/\\\/pontiasports.es\\\/\",\"logo\":{\"@type\":\"ImageObject\",\"inLanguage\":\"en-GB\",\"@id\":\"https:\\\/\\\/pontiasports.es\\\/#\\\/schema\\\/logo\\\/image\\\/\",\"url\":\"https:\\\/\\\/pontiasports.es\\\/wp-content\\\/uploads\\\/2025\\\/10\\\/PONTIA-SPORTS_negro.png\",\"contentUrl\":\"https:\\\/\\\/pontiasports.es\\\/wp-content\\\/uploads\\\/2025\\\/10\\\/PONTIA-SPORTS_negro.png\",\"width\":2324,\"height\":1075,\"caption\":\"Pontia Sports & Entertainment\"},\"image\":{\"@id\":\"https:\\\/\\\/pontiasports.es\\\/#\\\/schema\\\/logo\\\/image\\\/\"},\"sameAs\":[\"https:\\\/\\\/www.facebook.com\\\/PontiaSports\",\"https:\\\/\\\/www.instagram.com\\\/pontiasports\\\/\",\"https:\\\/\\\/www.linkedin.com\\\/company\\\/pontiasports\\\/?viewAsMember=true\"]}]}<\/script>\n<!-- \/ Yoast SEO plugin. -->","yoast_head_json":{"title":"Protecci\u00f3n de datos - Pontia Sports &amp; Entertainment","robots":{"index":"index","follow":"follow","max-snippet":"max-snippet:-1","max-image-preview":"max-image-preview:large","max-video-preview":"max-video-preview:-1"},"canonical":"https:\/\/pontiasports.es\/en\/proteccion-de-datos\/","og_locale":"en_GB","og_type":"article","og_title":"Protecci\u00f3n de datos - Pontia Sports &amp; Entertainment","og_description":"Datos personales de los usuarios La presente pol\u00edtica de privacidad y protecci\u00f3n de datos cubre todos los datos recopilados y utilizados por\u00a0PONTIA SPORTS a trav\u00e9s del sitio web. Esta p\u00e1gina web no recaba datos personales de los usuarios. Sin embargo, en caso de que el usuario facilite datos a\u00a0PONTIA SPORTS &amp; ENTERTAINMENT, S.L. (en adelante,\u00a0PONTIA [&hellip;]","og_url":"https:\/\/pontiasports.es\/en\/proteccion-de-datos\/","og_site_name":"Pontia Sports &amp; Entertainment","article_publisher":"https:\/\/www.facebook.com\/PontiaSports","article_modified_time":"2025-10-15T11:28:08+00:00","og_image":[{"width":2253,"height":1075,"url":"https:\/\/pontiasports.es\/wp-content\/uploads\/2025\/10\/cropped-PONTIA-SPORTS_negro.png","type":"image\/png"}],"twitter_card":"summary_large_image","twitter_misc":{"Estimated reading time":"4 minutes"},"schema":{"@context":"https:\/\/schema.org","@graph":[{"@type":"WebPage","@id":"https:\/\/pontiasports.es\/proteccion-de-datos\/","url":"https:\/\/pontiasports.es\/proteccion-de-datos\/","name":"Protecci\u00f3n de datos - Pontia Sports &amp; Entertainment","isPartOf":{"@id":"https:\/\/pontiasports.es\/#website"},"datePublished":"2025-10-15T11:24:52+00:00","dateModified":"2025-10-15T11:28:08+00:00","breadcrumb":{"@id":"https:\/\/pontiasports.es\/proteccion-de-datos\/#breadcrumb"},"inLanguage":"en-GB","potentialAction":[{"@type":"ReadAction","target":["https:\/\/pontiasports.es\/proteccion-de-datos\/"]}]},{"@type":"BreadcrumbList","@id":"https:\/\/pontiasports.es\/proteccion-de-datos\/#breadcrumb","itemListElement":[{"@type":"ListItem","position":1,"name":"Portada","item":"https:\/\/pontiasports.es\/"},{"@type":"ListItem","position":2,"name":"Protecci\u00f3n de datos"}]},{"@type":"WebSite","@id":"https:\/\/pontiasports.es\/#website","url":"https:\/\/pontiasports.es\/","name":"Pontia Sports & Entertainment","description":"","publisher":{"@id":"https:\/\/pontiasports.es\/#organization"},"alternateName":"Representaci\u00f3n de deportistas","potentialAction":[{"@type":"SearchAction","target":{"@type":"EntryPoint","urlTemplate":"https:\/\/pontiasports.es\/?s={search_term_string}"},"query-input":{"@type":"PropertyValueSpecification","valueRequired":true,"valueName":"search_term_string"}}],"inLanguage":"en-GB"},{"@type":"Organization","@id":"https:\/\/pontiasports.es\/#organization","name":"Pontia Sports & Entertainment","url":"https:\/\/pontiasports.es\/","logo":{"@type":"ImageObject","inLanguage":"en-GB","@id":"https:\/\/pontiasports.es\/#\/schema\/logo\/image\/","url":"https:\/\/pontiasports.es\/wp-content\/uploads\/2025\/10\/PONTIA-SPORTS_negro.png","contentUrl":"https:\/\/pontiasports.es\/wp-content\/uploads\/2025\/10\/PONTIA-SPORTS_negro.png","width":2324,"height":1075,"caption":"Pontia Sports & Entertainment"},"image":{"@id":"https:\/\/pontiasports.es\/#\/schema\/logo\/image\/"},"sameAs":["https:\/\/www.facebook.com\/PontiaSports","https:\/\/www.instagram.com\/pontiasports\/","https:\/\/www.linkedin.com\/company\/pontiasports\/?viewAsMember=true"]}]}},"_links":{"self":[{"href":"https:\/\/pontiasports.es\/en\/wp-json\/wp\/v2\/pages\/209","targetHints":{"allow":["GET"]}}],"collection":[{"href":"https:\/\/pontiasports.es\/en\/wp-json\/wp\/v2\/pages"}],"about":[{"href":"https:\/\/pontiasports.es\/en\/wp-json\/wp\/v2\/types\/page"}],"author":[{"embeddable":true,"href":"https:\/\/pontiasports.es\/en\/wp-json\/wp\/v2\/users\/1"}],"replies":[{"embeddable":true,"href":"https:\/\/pontiasports.es\/en\/wp-json\/wp\/v2\/comments?post=209"}],"version-history":[{"count":4,"href":"https:\/\/pontiasports.es\/en\/wp-json\/wp\/v2\/pages\/209\/revisions"}],"predecessor-version":[{"id":213,"href":"https:\/\/pontiasports.es\/en\/wp-json\/wp\/v2\/pages\/209\/revisions\/213"}],"wp:attachment":[{"href":"https:\/\/pontiasports.es\/en\/wp-json\/wp\/v2\/media?parent=209"}],"curies":[{"name":"wp","href":"https:\/\/api.w.org\/{rel}","templated":true}]}}