{"id":30,"date":"2025-10-13T07:12:07","date_gmt":"2025-10-13T07:12:07","guid":{"rendered":"https:\/\/pontiasports.es\/?page_id=30"},"modified":"2026-01-26T11:13:54","modified_gmt":"2026-01-26T11:13:54","slug":"servicios","status":"publish","type":"page","link":"https:\/\/pontiasports.es\/en\/servicios\/","title":{"rendered":"SERVICES"},"content":{"rendered":"<div class=\"wp-block-columns is-layout-flex wp-container-core-columns-is-layout-8f761849 wp-block-columns-is-layout-flex\">\n<div class=\"wp-block-column is-layout-flow wp-block-column-is-layout-flow\" style=\"flex-basis:100%\">\n<div class=\"wp-block-group\"><div class=\"wp-block-group__inner-container is-layout-constrained wp-block-group-is-layout-constrained\">\n<p class=\"wp-block-paragraph\"><strong>At Pontia Sports &amp; Entertainment, we provide a range of services built to elevate your career and maximize your brand\u2019s potential:<\/strong><\/p>\n\n\n\n<p class=\"wp-block-paragraph\"><\/p>\n<\/div><\/div>\n<\/div>\n<\/div>\n\n\n\n<div class=\"wp-block-columns is-layout-flex wp-container-core-columns-is-layout-8f761849 wp-block-columns-is-layout-flex\">\n<div class=\"wp-block-column is-layout-flow wp-block-column-is-layout-flow\" style=\"flex-basis:100%\">\n<div class=\"wp-block-group\"><div class=\"wp-block-group__inner-container is-layout-constrained wp-block-group-is-layout-constrained\">\n<div class=\"wp-block-columns is-layout-flex wp-container-core-columns-is-layout-8f761849 wp-block-columns-is-layout-flex\">\n<div class=\"wp-block-column is-layout-flow wp-block-column-is-layout-flow\">\n<h4 class=\"wp-block-heading has-text-align-center has-white-color has-luminous-vivid-amber-to-luminous-vivid-orange-gradient-background has-text-color has-background has-link-color has-medium-font-size wp-elements-52a767aa7b927edf57c40024abe5fba6\">LEAD GENERATION<\/h4>\n\n\n\n<p class=\"has-background wp-block-paragraph\" style=\"background-color:#f4f4f4\">Our goal is for your talent to be recognized internationally, opening doors to new opportunities and strategic collaborations within the sports industry.<\/p>\n\n\n\n<p class=\"wp-block-paragraph\">Our focus is clear: <strong>to provide a personalized and strategic service<\/strong> to drive your career forward and guarantee success both on and off the court.&nbsp;<\/p>\n\n\n\n<div class=\"wp-block-group is-vertical is-layout-flex wp-container-core-group-is-layout-4fc3f8e1 wp-block-group-is-layout-flex\">\n<div style=\"height:0px\" aria-hidden=\"true\" class=\"wp-block-spacer wp-container-content-d613cd94\"><\/div>\n<\/div>\n<\/div>\n\n\n\n<div class=\"wp-block-column is-layout-flow wp-block-column-is-layout-flow\">\n<h4 class=\"wp-block-heading has-text-align-center has-white-color has-luminous-vivid-amber-to-luminous-vivid-orange-gradient-background has-text-color has-background has-link-color has-medium-font-size wp-elements-b02c58e4811b3c55c04d0af97847b33e\">SPORTS EVENTS<\/h4>\n\n\n\n<p class=\"wp-block-paragraph\">We manage and produce exclusive events that elevate your visibility and that of your sponsors.<\/p>\n\n\n\n<p class=\"has-background wp-block-paragraph\" style=\"background-color:#f4f4f4\">We handle the <strong>comprehensive planning, organization, production, and execution.<\/strong> of any type of competition, match, tournament, or sports-related show.<\/p>\n\n\n\n<p class=\"wp-block-paragraph\">We transform a sporting need into a real and memorable experience, for both participants and spectators alike.<\/p>\n\n\n\n<div style=\"height:30px\" aria-hidden=\"true\" class=\"wp-block-spacer\"><\/div>\n<\/div>\n\n\n\n<div class=\"wp-block-column is-layout-flow wp-block-column-is-layout-flow\">\n<h4 class=\"wp-block-heading has-text-align-center has-white-color has-luminous-vivid-amber-to-luminous-vivid-orange-gradient-background has-text-color has-background has-link-color has-medium-font-size wp-elements-c63769ac9850223ac8dfab9a595d9d30\">SPORTS MARKETING <\/h4>\n\n\n\n<p class=\"has-background wp-block-paragraph\" style=\"background-color:#f4f4f4\">We create and execute <strong>personalized sponsorship marketing strategies<\/strong> o connect your brand with the right audiences.<\/p>\n\n\n\n<p class=\"wp-block-paragraph\">We help you identify and negotiate <strong>with potential sponsors<\/strong>ensuring collaborations that not only provide revenue but also strengthen your image.<\/p>\n\n\n\n<div style=\"height:30px\" aria-hidden=\"true\" class=\"wp-block-spacer\"><\/div>\n\n\n\n<p class=\"wp-block-paragraph\">&nbsp;<\/p>\n<\/div>\n\n\n\n<div class=\"wp-block-column is-layout-flow wp-block-column-is-layout-flow\">\n<h4 class=\"wp-block-heading has-text-align-center has-white-color has-luminous-vivid-amber-to-luminous-vivid-orange-gradient-background has-text-color has-background has-link-color has-medium-font-size wp-elements-449fb9a8afcbf46c0c3caae42aa52e86\">TALENT MANAGEMENT<\/h4>\n\n\n\n<p class=\"wp-block-paragraph\">We specialize in representing high-performance athletes. As experienced professionals, our goal is to support you throughout your entire career, allowing you to focus solely on performing at your best. <\/p>\n\n\n\n<p class=\"has-background wp-block-paragraph\" style=\"background-color:#f4f4f4\">We negotiate contracts, manage your professional relationships, and plan every step to help you achieve your most ambitious sporting goals.<\/p>\n\n\n\n<div style=\"height:30px\" aria-hidden=\"true\" class=\"wp-block-spacer\"><\/div>\n<\/div>\n<\/div>\n<\/div><\/div>\n<\/div>\n<\/div>","protected":false},"excerpt":{"rendered":"<p>En Pontia Sports &amp; Entertainment, ofrecemos una suite de servicios dise\u00f1ados para llevar tu carrera al siguiente nivel y maximizar el valor de tu marca: CAPTACI\u00d3N CLIENTES Nuestro objetivo es que tu talento sea reconocido internacionalmente, abriendo puertas a nuevas oportunidades y colaboraciones estrat\u00e9gicas en la industria deportiva. Nuestro enfoque es claro: proporcionar un servicio [&hellip;]<\/p>\n","protected":false},"author":1,"featured_media":0,"parent":0,"menu_order":0,"comment_status":"closed","ping_status":"closed","template":"templates\/template-page-full-width.php","meta":{"_crdt_document":"","footnotes":""},"class_list":["post-30","page","type-page","status-publish","hentry"],"yoast_head":"<!-- This site is optimized with the Yoast SEO plugin v27.5 - https:\/\/yoast.com\/product\/yoast-seo-wordpress\/ -->\n<title>SERVICIOS - Pontia Sports &amp; Entertainment<\/title>\n<meta name=\"description\" content=\"En Pontia Sports &amp; Entertainment, ofrecemos una suite de servicios dise\u00f1ados para llevar tu carrera al siguiente nivel y maximizar el valor de tu marca: CAPTACI\u00d3N CLIENTES, EVENTOS DEPORTIVOS, MARKETING DEPORTIVO y GESTI\u00d3N DE TALENTO.\" \/>\n<meta name=\"robots\" content=\"index, follow, max-snippet:-1, max-image-preview:large, max-video-preview:-1\" \/>\n<link rel=\"canonical\" href=\"https:\/\/pontiasports.es\/en\/servicios\/\" \/>\n<meta property=\"og:locale\" content=\"en_GB\" \/>\n<meta property=\"og:type\" content=\"article\" \/>\n<meta property=\"og:title\" content=\"SERVICIOS - Pontia Sports &amp; Entertainment\" \/>\n<meta property=\"og:description\" content=\"Pontia Sports &amp; Entertainment es una empresa valenciana de representaci\u00f3n de deportistas que acompa\u00f1a a cada uno de manera personalizada, potenciando lo mejor de s\u00ed mismos, para lograr el m\u00e1ximo nivel.\" \/>\n<meta property=\"og:url\" content=\"https:\/\/pontiasports.es\/en\/servicios\/\" \/>\n<meta property=\"og:site_name\" content=\"Pontia Sports &amp; Entertainment\" \/>\n<meta property=\"article:publisher\" content=\"https:\/\/www.facebook.com\/PontiaSports\" \/>\n<meta property=\"article:modified_time\" content=\"2026-01-26T11:13:54+00:00\" \/>\n<meta property=\"og:image\" content=\"https:\/\/pontiasports.es\/wp-content\/uploads\/2025\/10\/cropped-PONTIA-SPORTS_negro.png\" \/>\n\t<meta property=\"og:image:width\" content=\"2253\" \/>\n\t<meta property=\"og:image:height\" content=\"1075\" \/>\n\t<meta property=\"og:image:type\" content=\"image\/png\" \/>\n<meta name=\"twitter:card\" content=\"summary_large_image\" \/>\n<meta name=\"twitter:label1\" content=\"Estimated reading time\" \/>\n\t<meta name=\"twitter:data1\" content=\"2 minutes\" \/>\n<script type=\"application\/ld+json\" class=\"yoast-schema-graph\">{\"@context\":\"https:\\\/\\\/schema.org\",\"@graph\":[{\"@type\":\"WebPage\",\"@id\":\"https:\\\/\\\/pontiasports.es\\\/servicios\\\/\",\"url\":\"https:\\\/\\\/pontiasports.es\\\/servicios\\\/\",\"name\":\"SERVICIOS - Pontia Sports &amp; Entertainment\",\"isPartOf\":{\"@id\":\"https:\\\/\\\/pontiasports.es\\\/#website\"},\"datePublished\":\"2025-10-13T07:12:07+00:00\",\"dateModified\":\"2026-01-26T11:13:54+00:00\",\"description\":\"En Pontia Sports & Entertainment, ofrecemos una suite de servicios dise\u00f1ados para llevar tu carrera al siguiente nivel y maximizar el valor de tu marca: CAPTACI\u00d3N CLIENTES, EVENTOS DEPORTIVOS, MARKETING DEPORTIVO y GESTI\u00d3N DE TALENTO.\",\"breadcrumb\":{\"@id\":\"https:\\\/\\\/pontiasports.es\\\/servicios\\\/#breadcrumb\"},\"inLanguage\":\"en-GB\",\"potentialAction\":[{\"@type\":\"ReadAction\",\"target\":[\"https:\\\/\\\/pontiasports.es\\\/servicios\\\/\"]}]},{\"@type\":\"BreadcrumbList\",\"@id\":\"https:\\\/\\\/pontiasports.es\\\/servicios\\\/#breadcrumb\",\"itemListElement\":[{\"@type\":\"ListItem\",\"position\":1,\"name\":\"Portada\",\"item\":\"https:\\\/\\\/pontiasports.es\\\/\"},{\"@type\":\"ListItem\",\"position\":2,\"name\":\"SERVICIOS\"}]},{\"@type\":\"WebSite\",\"@id\":\"https:\\\/\\\/pontiasports.es\\\/#website\",\"url\":\"https:\\\/\\\/pontiasports.es\\\/\",\"name\":\"Pontia Sports & Entertainment\",\"description\":\"\",\"publisher\":{\"@id\":\"https:\\\/\\\/pontiasports.es\\\/#organization\"},\"alternateName\":\"Representaci\u00f3n de deportistas\",\"potentialAction\":[{\"@type\":\"SearchAction\",\"target\":{\"@type\":\"EntryPoint\",\"urlTemplate\":\"https:\\\/\\\/pontiasports.es\\\/?s={search_term_string}\"},\"query-input\":{\"@type\":\"PropertyValueSpecification\",\"valueRequired\":true,\"valueName\":\"search_term_string\"}}],\"inLanguage\":\"en-GB\"},{\"@type\":\"Organization\",\"@id\":\"https:\\\/\\\/pontiasports.es\\\/#organization\",\"name\":\"Pontia Sports & Entertainment\",\"url\":\"https:\\\/\\\/pontiasports.es\\\/\",\"logo\":{\"@type\":\"ImageObject\",\"inLanguage\":\"en-GB\",\"@id\":\"https:\\\/\\\/pontiasports.es\\\/#\\\/schema\\\/logo\\\/image\\\/\",\"url\":\"https:\\\/\\\/pontiasports.es\\\/wp-content\\\/uploads\\\/2025\\\/10\\\/PONTIA-SPORTS_negro.png\",\"contentUrl\":\"https:\\\/\\\/pontiasports.es\\\/wp-content\\\/uploads\\\/2025\\\/10\\\/PONTIA-SPORTS_negro.png\",\"width\":2324,\"height\":1075,\"caption\":\"Pontia Sports & Entertainment\"},\"image\":{\"@id\":\"https:\\\/\\\/pontiasports.es\\\/#\\\/schema\\\/logo\\\/image\\\/\"},\"sameAs\":[\"https:\\\/\\\/www.facebook.com\\\/PontiaSports\",\"https:\\\/\\\/www.instagram.com\\\/pontiasports\\\/\",\"https:\\\/\\\/www.linkedin.com\\\/company\\\/pontiasports\\\/?viewAsMember=true\"]}]}<\/script>\n<!-- \/ Yoast SEO plugin. -->","yoast_head_json":{"title":"SERVICIOS - Pontia Sports &amp; Entertainment","description":"En Pontia Sports & Entertainment, ofrecemos una suite de servicios dise\u00f1ados para llevar tu carrera al siguiente nivel y maximizar el valor de tu marca: CAPTACI\u00d3N CLIENTES, EVENTOS DEPORTIVOS, MARKETING DEPORTIVO y GESTI\u00d3N DE TALENTO.","robots":{"index":"index","follow":"follow","max-snippet":"max-snippet:-1","max-image-preview":"max-image-preview:large","max-video-preview":"max-video-preview:-1"},"canonical":"https:\/\/pontiasports.es\/en\/servicios\/","og_locale":"en_GB","og_type":"article","og_title":"SERVICIOS - Pontia Sports &amp; Entertainment","og_description":"Pontia Sports & Entertainment es una empresa valenciana de representaci\u00f3n de deportistas que acompa\u00f1a a cada uno de manera personalizada, potenciando lo mejor de s\u00ed mismos, para lograr el m\u00e1ximo nivel.","og_url":"https:\/\/pontiasports.es\/en\/servicios\/","og_site_name":"Pontia Sports &amp; Entertainment","article_publisher":"https:\/\/www.facebook.com\/PontiaSports","article_modified_time":"2026-01-26T11:13:54+00:00","og_image":[{"width":2253,"height":1075,"url":"https:\/\/pontiasports.es\/wp-content\/uploads\/2025\/10\/cropped-PONTIA-SPORTS_negro.png","type":"image\/png"}],"twitter_card":"summary_large_image","twitter_misc":{"Estimated reading time":"2 minutes"},"schema":{"@context":"https:\/\/schema.org","@graph":[{"@type":"WebPage","@id":"https:\/\/pontiasports.es\/servicios\/","url":"https:\/\/pontiasports.es\/servicios\/","name":"SERVICIOS - Pontia Sports &amp; Entertainment","isPartOf":{"@id":"https:\/\/pontiasports.es\/#website"},"datePublished":"2025-10-13T07:12:07+00:00","dateModified":"2026-01-26T11:13:54+00:00","description":"En Pontia Sports & Entertainment, ofrecemos una suite de servicios dise\u00f1ados para llevar tu carrera al siguiente nivel y maximizar el valor de tu marca: CAPTACI\u00d3N CLIENTES, EVENTOS DEPORTIVOS, MARKETING DEPORTIVO y GESTI\u00d3N DE TALENTO.","breadcrumb":{"@id":"https:\/\/pontiasports.es\/servicios\/#breadcrumb"},"inLanguage":"en-GB","potentialAction":[{"@type":"ReadAction","target":["https:\/\/pontiasports.es\/servicios\/"]}]},{"@type":"BreadcrumbList","@id":"https:\/\/pontiasports.es\/servicios\/#breadcrumb","itemListElement":[{"@type":"ListItem","position":1,"name":"Portada","item":"https:\/\/pontiasports.es\/"},{"@type":"ListItem","position":2,"name":"SERVICIOS"}]},{"@type":"WebSite","@id":"https:\/\/pontiasports.es\/#website","url":"https:\/\/pontiasports.es\/","name":"Pontia Sports & Entertainment","description":"","publisher":{"@id":"https:\/\/pontiasports.es\/#organization"},"alternateName":"Representaci\u00f3n de deportistas","potentialAction":[{"@type":"SearchAction","target":{"@type":"EntryPoint","urlTemplate":"https:\/\/pontiasports.es\/?s={search_term_string}"},"query-input":{"@type":"PropertyValueSpecification","valueRequired":true,"valueName":"search_term_string"}}],"inLanguage":"en-GB"},{"@type":"Organization","@id":"https:\/\/pontiasports.es\/#organization","name":"Pontia Sports & Entertainment","url":"https:\/\/pontiasports.es\/","logo":{"@type":"ImageObject","inLanguage":"en-GB","@id":"https:\/\/pontiasports.es\/#\/schema\/logo\/image\/","url":"https:\/\/pontiasports.es\/wp-content\/uploads\/2025\/10\/PONTIA-SPORTS_negro.png","contentUrl":"https:\/\/pontiasports.es\/wp-content\/uploads\/2025\/10\/PONTIA-SPORTS_negro.png","width":2324,"height":1075,"caption":"Pontia Sports & Entertainment"},"image":{"@id":"https:\/\/pontiasports.es\/#\/schema\/logo\/image\/"},"sameAs":["https:\/\/www.facebook.com\/PontiaSports","https:\/\/www.instagram.com\/pontiasports\/","https:\/\/www.linkedin.com\/company\/pontiasports\/?viewAsMember=true"]}]}},"_links":{"self":[{"href":"https:\/\/pontiasports.es\/en\/wp-json\/wp\/v2\/pages\/30","targetHints":{"allow":["GET"]}}],"collection":[{"href":"https:\/\/pontiasports.es\/en\/wp-json\/wp\/v2\/pages"}],"about":[{"href":"https:\/\/pontiasports.es\/en\/wp-json\/wp\/v2\/types\/page"}],"author":[{"embeddable":true,"href":"https:\/\/pontiasports.es\/en\/wp-json\/wp\/v2\/users\/1"}],"replies":[{"embeddable":true,"href":"https:\/\/pontiasports.es\/en\/wp-json\/wp\/v2\/comments?post=30"}],"version-history":[{"count":25,"href":"https:\/\/pontiasports.es\/en\/wp-json\/wp\/v2\/pages\/30\/revisions"}],"predecessor-version":[{"id":274,"href":"https:\/\/pontiasports.es\/en\/wp-json\/wp\/v2\/pages\/30\/revisions\/274"}],"wp:attachment":[{"href":"https:\/\/pontiasports.es\/en\/wp-json\/wp\/v2\/media?parent=30"}],"curies":[{"name":"wp","href":"https:\/\/api.w.org\/{rel}","templated":true}]}}